{"id":75,"date":"2015-07-28T22:42:06","date_gmt":"2015-07-28T20:42:06","guid":{"rendered":"http:\/\/hsgmh.de\/?page_id=75"},"modified":"2026-03-04T21:19:44","modified_gmt":"2026-03-04T20:19:44","slug":"herren-2","status":"publish","type":"page","link":"https:\/\/www.hsgmh.de\/?page_id=75","title":{"rendered":"Herren 2"},"content":{"rendered":"\n<figure class=\"wp-block-image size-large\"><img loading=\"lazy\" decoding=\"async\" width=\"1024\" height=\"665\" src=\"https:\/\/www.hsgmh.de\/wp-content\/uploads\/2026\/03\/IMG_7082-3-1024x665.jpg\" alt=\"\" class=\"wp-image-3531\" srcset=\"https:\/\/www.hsgmh.de\/wp-content\/uploads\/2026\/03\/IMG_7082-3-1024x665.jpg 1024w, https:\/\/www.hsgmh.de\/wp-content\/uploads\/2026\/03\/IMG_7082-3-300x195.jpg 300w, https:\/\/www.hsgmh.de\/wp-content\/uploads\/2026\/03\/IMG_7082-3-768x499.jpg 768w, https:\/\/www.hsgmh.de\/wp-content\/uploads\/2026\/03\/IMG_7082-3.jpg 1179w\" sizes=\"auto, (max-width: 1024px) 100vw, 1024px\" \/><\/figure>\n\n\n<ul class=\"wp-block-latest-posts__list is-grid columns-3 has-dates wp-block-latest-posts\"><li><a class=\"wp-block-latest-posts__post-title\" href=\"https:\/\/www.hsgmh.de\/?p=3566\">Herren 1: TuS Nordenstadt &#8211; HSG MainHandball 1\u00a0 30:27 (11:13)<\/a><time datetime=\"2026-03-27T11:37:01+01:00\" class=\"wp-block-latest-posts__post-date\">27 M\u00e4rz, 2026<\/time><\/li>\n<li><a class=\"wp-block-latest-posts__post-title\" href=\"https:\/\/www.hsgmh.de\/?p=3559\">Herren 1\u00a0\u00a0HSG MainHandball 1\u00a0 &#8211;\u00a0 HSG Sindlingen\/Zeilsheim\u00a0 34:21 (19:14)<\/a><time datetime=\"2026-03-20T09:42:01+01:00\" class=\"wp-block-latest-posts__post-date\">20 M\u00e4rz, 2026<\/time><\/li>\n<li><a class=\"wp-block-latest-posts__post-title\" href=\"https:\/\/www.hsgmh.de\/?p=3551\">Herren\u00a0 HSG MainHandball &#8211; HSG Dotzheim\/Schierstein 3\u00a0 40:26 (19:13)<\/a><time datetime=\"2026-03-17T11:50:27+01:00\" class=\"wp-block-latest-posts__post-date\">17 M\u00e4rz, 2026<\/time><\/li>\n<li><a class=\"wp-block-latest-posts__post-title\" href=\"https:\/\/www.hsgmh.de\/?p=3542\">Herren 1 HSG MainHandball &#8211; HSG Main-Nidda 31:27 (13:11)<\/a><time datetime=\"2026-03-08T01:30:20+01:00\" class=\"wp-block-latest-posts__post-date\">8 M\u00e4rz, 2026<\/time><\/li>\n<li><a class=\"wp-block-latest-posts__post-title\" href=\"https:\/\/www.hsgmh.de\/?p=3509\">Herren 1: HSG MainHandball 1 &#8211; Eintracht Wiesbaden 2 \u00a030:26\u00a0\u00a0(13:10)<\/a><time datetime=\"2026-02-12T15:20:41+01:00\" class=\"wp-block-latest-posts__post-date\">12 Februar, 2026<\/time><\/li>\n<\/ul>\n\n\n<div class=\"srsTab\" srsurl=\"https:\/\/hhv-handball.liga.nu\/cgi-bin\/WebObjects\/nuLigaHBDE.woa\/wa\/groupPage?championship=Wiesbaden-Frankfurt+25%2F26&#038;group=421210\" srsverein=\"HSG MainHandball\" srsauchspiele=\"1\"><\/div>\n<div class=\"srsPlan\" srsurl=\"https:\/\/hhv-handball.liga.nu\/cgi-bin\/WebObjects\/nuLigaHBDE.woa\/wa\/groupPage?championship=Wiesbaden-25%2F26&#038;group=421210\" srsverein=\"HSG MainHandball\"><\/div>\n<a href=\"https:\/\/hhv-handball.liga.nu\/cgi-bin\/WebObjects\/nuLigaHBDE.woa\/wa\/getTeamMeetingsWebcal?teamid=1568627&#038;token=hL%2Fv8eYA0cE%3D\">Zum Kalender hinzuf\u00fcgen<\/a> (statisch, zum herunterladen)<br>\n<a href=\"webcal:\/\/hhv-handball.liga.nu\/cgi-bin\/WebObjects\/nuLigaHBDE.woa\/wa\/getTeamMeetingsWebcal?teamid=1568627&#038;token=hL%2Fv8eYA0cE%3D\">Zum eiPhone Kalender hinzuf\u00fcgen<\/a> (aktualisiert sich automatisch)<br><br>\n\n\n\n<h2 class=\"wp-block-heading\">Training<\/h2>\n\n\n\n<p>Di. 19:30 &#8211; 21:00 <a href=\"https:\/\/goo.gl\/maps\/a9Hq4dDG1E6XEkUSA\">Kelsterbach<\/a><br>Do. 19:00 &#8211; 20:30 <a href=\"https:\/\/maps.app.goo.gl\/tEnZ26iWiFD7Gsdh6\" target=\"_blank\" rel=\"noreferrer noopener\">Fl\u00f6rsheim<\/a><br><br><strong>Kontakt<\/strong>:<br>Trainer: Andreas Mack und Marius Steinmetz<br>Email: <a href=\"mailto:marius-steinmetz@outlook.de\">marius-steinmetz@outlook.de<\/a><\/p>\n","protected":false},"excerpt":{"rendered":"<p>Zum Kalender hinzuf\u00fcgen (statisch, zum herunterladen) Zum eiPhone Kalender hinzuf\u00fcgen (aktualisiert sich automatisch) Training Di. 19:30 &#8211; 21:00 KelsterbachDo. 19:00 &#8211; 20:30 Fl\u00f6rsheim Kontakt:Trainer: Andreas Mack und Marius SteinmetzEmail: marius-steinmetz@outlook.de<\/p>\n","protected":false},"author":1,"featured_media":0,"parent":0,"menu_order":3,"comment_status":"closed","ping_status":"closed","template":"template-fullwidth.php","meta":{"footnotes":""},"class_list":["post-75","page","type-page","status-publish","hentry"],"_links":{"self":[{"href":"https:\/\/www.hsgmh.de\/index.php?rest_route=\/wp\/v2\/pages\/75","targetHints":{"allow":["GET"]}}],"collection":[{"href":"https:\/\/www.hsgmh.de\/index.php?rest_route=\/wp\/v2\/pages"}],"about":[{"href":"https:\/\/www.hsgmh.de\/index.php?rest_route=\/wp\/v2\/types\/page"}],"author":[{"embeddable":true,"href":"https:\/\/www.hsgmh.de\/index.php?rest_route=\/wp\/v2\/users\/1"}],"replies":[{"embeddable":true,"href":"https:\/\/www.hsgmh.de\/index.php?rest_route=%2Fwp%2Fv2%2Fcomments&post=75"}],"version-history":[{"count":22,"href":"https:\/\/www.hsgmh.de\/index.php?rest_route=\/wp\/v2\/pages\/75\/revisions"}],"predecessor-version":[{"id":3532,"href":"https:\/\/www.hsgmh.de\/index.php?rest_route=\/wp\/v2\/pages\/75\/revisions\/3532"}],"wp:attachment":[{"href":"https:\/\/www.hsgmh.de\/index.php?rest_route=%2Fwp%2Fv2%2Fmedia&parent=75"}],"curies":[{"name":"wp","href":"https:\/\/api.w.org\/{rel}","templated":true}]}}