{"id":71,"date":"2015-07-28T22:42:28","date_gmt":"2015-07-28T20:42:28","guid":{"rendered":"http:\/\/hsgmh.de\/?page_id=71"},"modified":"2026-03-04T21:19:19","modified_gmt":"2026-03-04T20:19:19","slug":"herren-1","status":"publish","type":"page","link":"https:\/\/www.hsgmh.de\/?page_id=71","title":{"rendered":"Herren 1"},"content":{"rendered":"\n<figure class=\"wp-block-image size-large\"><img loading=\"lazy\" decoding=\"async\" width=\"1024\" height=\"655\" src=\"https:\/\/www.hsgmh.de\/wp-content\/uploads\/2026\/03\/IMG_7083-1024x655.jpg\" alt=\"\" class=\"wp-image-3529\" srcset=\"https:\/\/www.hsgmh.de\/wp-content\/uploads\/2026\/03\/IMG_7083-1024x655.jpg 1024w, https:\/\/www.hsgmh.de\/wp-content\/uploads\/2026\/03\/IMG_7083-300x192.jpg 300w, https:\/\/www.hsgmh.de\/wp-content\/uploads\/2026\/03\/IMG_7083-768x491.jpg 768w, https:\/\/www.hsgmh.de\/wp-content\/uploads\/2026\/03\/IMG_7083.jpg 1179w\" sizes=\"auto, (max-width: 1024px) 100vw, 1024px\" \/><\/figure>\n\n\n<ul class=\"wp-block-latest-posts__list is-grid columns-3 has-dates wp-block-latest-posts\"><li><a class=\"wp-block-latest-posts__post-title\" href=\"https:\/\/www.hsgmh.de\/?p=3566\">Herren 1: TuS Nordenstadt &#8211; HSG MainHandball 1\u00a0 30:27 (11:13)<\/a><time datetime=\"2026-03-27T11:37:01+01:00\" class=\"wp-block-latest-posts__post-date\">27 M\u00e4rz, 2026<\/time><\/li>\n<li><a class=\"wp-block-latest-posts__post-title\" href=\"https:\/\/www.hsgmh.de\/?p=3559\">Herren 1\u00a0\u00a0HSG MainHandball 1\u00a0 &#8211;\u00a0 HSG Sindlingen\/Zeilsheim\u00a0 34:21 (19:14)<\/a><time datetime=\"2026-03-20T09:42:01+01:00\" class=\"wp-block-latest-posts__post-date\">20 M\u00e4rz, 2026<\/time><\/li>\n<li><a class=\"wp-block-latest-posts__post-title\" href=\"https:\/\/www.hsgmh.de\/?p=3551\">Herren\u00a0 HSG MainHandball &#8211; HSG Dotzheim\/Schierstein 3\u00a0 40:26 (19:13)<\/a><time datetime=\"2026-03-17T11:50:27+01:00\" class=\"wp-block-latest-posts__post-date\">17 M\u00e4rz, 2026<\/time><\/li>\n<li><a class=\"wp-block-latest-posts__post-title\" href=\"https:\/\/www.hsgmh.de\/?p=3542\">Herren 1 HSG MainHandball &#8211; HSG Main-Nidda 31:27 (13:11)<\/a><time datetime=\"2026-03-08T01:30:20+01:00\" class=\"wp-block-latest-posts__post-date\">8 M\u00e4rz, 2026<\/time><\/li>\n<li><a class=\"wp-block-latest-posts__post-title\" href=\"https:\/\/www.hsgmh.de\/?p=3509\">Herren 1: HSG MainHandball 1 &#8211; Eintracht Wiesbaden 2 \u00a030:26\u00a0\u00a0(13:10)<\/a><time datetime=\"2026-02-12T15:20:41+01:00\" class=\"wp-block-latest-posts__post-date\">12 Februar, 2026<\/time><\/li>\n<\/ul>\n\n\n<h2 class=\"wp-block-heading\">Presse<\/h2>\n\n\n<div class=\"vlp-link-container vlp-template-default wp-block-visual-link-preview-link\">\n\t<a href=\"https:\/\/www.main-spitze.de\/sport\/handball\/grossgerau-ruesselsheim\/mainhandball-mit-starker-zweiter-halbzeit_20816402\" class=\"vlp-link\" title=\"MainHandball mit starker zweiter Halbzeit - Main-Spitze\" rel=\"nofollow\" target=\"_blank\"><\/a>\t\t<div class=\"vlp-link-image-container\">\n\t\t<div class=\"vlp-link-image\">\n\t\t\t<img loading=\"lazy\" decoding=\"async\" style=\"max-width: 300px;\" width=\"300\" height=\"150\" src=\"https:\/\/www.hsgmh.de\/wp-content\/uploads\/2024\/08\/18444754.jpg\" class=\"attachment-300x300 size-300x300\" alt=\"\" srcset=\"https:\/\/www.hsgmh.de\/wp-content\/uploads\/2024\/08\/18444754.jpg 960w, https:\/\/www.hsgmh.de\/wp-content\/uploads\/2024\/08\/18444754-300x150.jpg 300w, https:\/\/www.hsgmh.de\/wp-content\/uploads\/2024\/08\/18444754-768x384.jpg 768w\" sizes=\"auto, (max-width: 300px) 100vw, 300px\" \/>\t\t<\/div>\n\t<\/div>\n\t\t<div class=\"vlp-link-text-container\">\n\t\t\t\t<div class=\"vlp-link-title\">\n\t\t\tMainHandball mit starker zweiter Halbzeit &#8211; Main-Spitze\t\t<\/div>\n\t\t\t\t\t\t<div class=\"vlp-link-summary\">\n\t\t\tDer Bezirksliga-Aufsteiger dreht nach der Pause m\u00e4chtig auf. R\u00fcsselsheimer Teams mal deutlich unterlegen, mal achtbar aus der Aff\u00e4re gezogen.\t\t<\/div>\n\t\t\t<\/div>\n<\/div>\n\n\n<div class=\"vlp-link-container vlp-template-default wp-block-visual-link-preview-link\">\n\t<a href=\"https:\/\/www.main-spitze.de\/sport\/handball\/grossgerau-ruesselsheim\/40-treffer-grenze-geknackt_20448614\" class=\"vlp-link\" title=\"40-Treffer-Grenze geknackt - Main-Spitze\" rel=\"nofollow\" target=\"_blank\"><\/a>\t\t<div class=\"vlp-link-image-container\">\n\t\t<div class=\"vlp-link-image\">\n\t\t\t<img loading=\"lazy\" decoding=\"async\" style=\"max-width: 300px;\" width=\"300\" height=\"150\" src=\"https:\/\/www.hsgmh.de\/wp-content\/uploads\/2024\/08\/15169142.jpg\" class=\"attachment-300x300 size-300x300\" alt=\"\" srcset=\"https:\/\/www.hsgmh.de\/wp-content\/uploads\/2024\/08\/15169142.jpg 960w, https:\/\/www.hsgmh.de\/wp-content\/uploads\/2024\/08\/15169142-300x150.jpg 300w, https:\/\/www.hsgmh.de\/wp-content\/uploads\/2024\/08\/15169142-768x384.jpg 768w\" sizes=\"auto, (max-width: 300px) 100vw, 300px\" \/>\t\t<\/div>\n\t<\/div>\n\t\t<div class=\"vlp-link-text-container\">\n\t\t\t\t<div class=\"vlp-link-title\">\n\t\t\t40-Treffer-Grenze geknackt &#8211; Main-Spitze\t\t<\/div>\n\t\t\t\t\t\t<div class=\"vlp-link-summary\">\n\t\t\tHandballer des TV Trebur starten mit Kantersieg in Biblis in die neue Saison. Auch Bezirksliga-A-R\u00fcckkehrer HSG MainHandball legen vor eigenem Publikum stark los.\t\t<\/div>\n\t\t\t<\/div>\n<\/div>\n\n\n\n<h2 class=\"wp-block-heading\">Tabelle und Spiele<\/h2>\n\n\n\n<div class=\"srsTab\" srsurl=\"https:\/\/hhv-handball.liga.nu\/cgi-bin\/WebObjects\/nuLigaHBDE.woa\/wa\/groupPage?championship=Wiesbaden-Frankfurt+25%2F26&#038;group=421460\" srsverein=\"HSG MainHandball\" srsauchspiele=\"1\"><\/div>\n<div class=\"srsPlan\" srsurl=\"https:\/\/hhv-handball.liga.nu\/cgi-bin\/WebObjects\/nuLigaHBDE.woa\/wa\/groupPage?championship=Wiesbaden-Frankfurt+25%2F26&#038;group=421460\" srsverein=\"HSG MainHandball\"><\/div>\n<a href=\"https:\/\/hhv-handball.liga.nu\/cgi-bin\/WebObjects\/nuLigaHBDE.woa\/wa\/getTeamMeetingsWebcal?teamid=1570254&#038;token=uX%2BxYqEUMt8%3D\">Zum Kalender hinzuf\u00fcgen<\/a> (statisch, zum herunterladen)<br>\n<a href=\"webcal:\/\/hhv-handball.liga.nu\/cgi-bin\/WebObjects\/nuLigaHBDE.woa\/wa\/getTeamMeetingsWebcal?teamid=1570254&#038;token=uX%2BxYqEUMt8%3D\">Zum eiPhone Kalender hinzuf\u00fcgen<\/a> (aktualisiert sich automatisch)<br><br>\n\n\n\n<h2 class=\"wp-block-heading\">Training<\/h2>\n\n\n\n<p>Dienstag: 20:00-22:00 Uhr <a href=\"https:\/\/maps.app.goo.gl\/tEnZ26iWiFD7Gsdh6\">Fl\u00f6rsheim<\/a><br>Donnerstag: 20:00-22:00 Uhr <a href=\"https:\/\/maps.app.goo.gl\/tEnZ26iWiFD7Gsdh6\">Fl\u00f6rsheim<\/a><br><br><strong>Kontakt<\/strong>:<br>Trainer: Goran Angelov<br>Email: <a href=\"mailto:gogo22@online.de\">gogo22@online.de<\/a><\/p>\n\n\n\n<h2 class=\"wp-block-heading\">Perlen aus unserem Mannschaftsalbum<\/h2>\n\n\n\n<figure class=\"wp-block-gallery has-nested-images columns-default is-cropped wp-block-gallery-1 is-layout-flex wp-block-gallery-is-layout-flex\">\n<figure class=\"wp-block-image size-large\"><a href=\"https:\/\/www.hsgmh.de\/wp-content\/uploads\/2019\/09\/IMG_1461.jpg\"><img loading=\"lazy\" decoding=\"async\" width=\"4032\" height=\"3024\" data-id=\"1763\" src=\"https:\/\/www.hsgmh.de\/wp-content\/uploads\/2019\/09\/IMG_1461.jpg\" alt=\"\" class=\"wp-image-1763\"\/><\/a><figcaption class=\"wp-element-caption\">Dornr\u00f6schencup in Hofgeismar<\/figcaption><\/figure>\n\n\n\n<figure class=\"wp-block-image size-large\"><a href=\"https:\/\/www.hsgmh.de\/wp-content\/uploads\/2019\/09\/54519116_2299690786717950_5662535048264417280_n.jpg\"><img loading=\"lazy\" decoding=\"async\" width=\"960\" height=\"720\" data-id=\"1768\" src=\"https:\/\/www.hsgmh.de\/wp-content\/uploads\/2019\/09\/54519116_2299690786717950_5662535048264417280_n.jpg\" alt=\"\" class=\"wp-image-1768\"\/><\/a><\/figure>\n\n\n\n<figure class=\"wp-block-image size-large\"><a href=\"https:\/\/www.hsgmh.de\/wp-content\/uploads\/2019\/09\/58441331_2356254367728258_2539945377117765632_n.jpg\"><img loading=\"lazy\" decoding=\"async\" width=\"720\" height=\"960\" data-id=\"1769\" src=\"https:\/\/www.hsgmh.de\/wp-content\/uploads\/2019\/09\/58441331_2356254367728258_2539945377117765632_n.jpg\" alt=\"\" class=\"wp-image-1769\"\/><\/a><\/figure>\n\n\n\n<figure class=\"wp-block-image size-large\"><a href=\"https:\/\/www.hsgmh.de\/wp-content\/uploads\/2019\/09\/58679271_2356254341061594_6920618139919056896_n.jpg\"><img loading=\"lazy\" decoding=\"async\" width=\"960\" height=\"720\" data-id=\"1771\" src=\"https:\/\/www.hsgmh.de\/wp-content\/uploads\/2019\/09\/58679271_2356254341061594_6920618139919056896_n.jpg\" alt=\"\" class=\"wp-image-1771\"\/><\/a><\/figure>\n\n\n\n<figure class=\"wp-block-image size-large\"><a href=\"https:\/\/www.hsgmh.de\/wp-content\/uploads\/2019\/09\/58442492_2356254464394915_9164782764472401920_n.jpg\"><img loading=\"lazy\" decoding=\"async\" width=\"720\" height=\"960\" data-id=\"1770\" src=\"https:\/\/www.hsgmh.de\/wp-content\/uploads\/2019\/09\/58442492_2356254464394915_9164782764472401920_n.jpg\" alt=\"\" class=\"wp-image-1770\"\/><\/a><\/figure>\n\n\n\n<figure class=\"wp-block-image size-large\"><a href=\"https:\/\/www.hsgmh.de\/wp-content\/uploads\/2019\/10\/IMG_0690.jpg\"><img loading=\"lazy\" decoding=\"async\" width=\"4032\" height=\"3024\" data-id=\"1920\" src=\"https:\/\/www.hsgmh.de\/wp-content\/uploads\/2019\/10\/IMG_0690.jpg\" alt=\"\" class=\"wp-image-1920\"\/><\/a><\/figure>\n\n\n\n<figure class=\"wp-block-image size-large\"><a href=\"https:\/\/www.hsgmh.de\/wp-content\/uploads\/2019\/10\/IMG_2067-e1571590770557.jpg\"><img loading=\"lazy\" decoding=\"async\" width=\"3024\" height=\"4032\" data-id=\"1958\" src=\"https:\/\/www.hsgmh.de\/wp-content\/uploads\/2019\/10\/IMG_2067-e1571590770557.jpg\" alt=\"\" class=\"wp-image-1958\"\/><\/a><\/figure>\n\n\n\n<figure class=\"wp-block-image size-large\"><a href=\"https:\/\/www.hsgmh.de\/wp-content\/uploads\/2019\/09\/IMG_1963-1-e1567721275500.jpg\"><img loading=\"lazy\" decoding=\"async\" width=\"3024\" height=\"4032\" data-id=\"1762\" src=\"https:\/\/www.hsgmh.de\/wp-content\/uploads\/2019\/09\/IMG_1963-1-e1567721275500.jpg\" alt=\"\" class=\"wp-image-1762\"\/><\/a><figcaption class=\"wp-element-caption\">Trainingslager in Twistetal<\/figcaption><\/figure>\n\n\n\n<figure class=\"wp-block-image size-large\"><a href=\"https:\/\/www.hsgmh.de\/wp-content\/uploads\/2019\/09\/IMG_1947.jpg\"><img loading=\"lazy\" decoding=\"async\" width=\"4032\" height=\"3024\" data-id=\"1757\" src=\"https:\/\/www.hsgmh.de\/wp-content\/uploads\/2019\/09\/IMG_1947.jpg\" alt=\"\" class=\"wp-image-1757\"\/><\/a><figcaption class=\"wp-element-caption\">Trainingslager in Twistetal<\/figcaption><\/figure>\n\n\n\n<figure class=\"wp-block-image size-large\"><a href=\"https:\/\/www.hsgmh.de\/wp-content\/uploads\/2019\/10\/IMG_2067-e1571590770557.jpg\"><img loading=\"lazy\" decoding=\"async\" width=\"3024\" height=\"4032\" data-id=\"1958\" src=\"https:\/\/www.hsgmh.de\/wp-content\/uploads\/2019\/10\/IMG_2067-e1571590770557.jpg\" alt=\"\" class=\"wp-image-1958\"\/><\/a><\/figure>\n<\/figure>\n","protected":false},"excerpt":{"rendered":"<p>Presse Tabelle und Spiele Zum Kalender hinzuf\u00fcgen (statisch, zum herunterladen) Zum eiPhone Kalender hinzuf\u00fcgen (aktualisiert sich automatisch) Training Dienstag: 20:00-22:00 Uhr Fl\u00f6rsheimDonnerstag: 20:00-22:00 Uhr Fl\u00f6rsheim Kontakt:Trainer: Goran AngelovEmail: gogo22@online.de Perlen aus unserem Mannschaftsalbum<\/p>\n","protected":false},"author":1,"featured_media":0,"parent":0,"menu_order":1,"comment_status":"closed","ping_status":"closed","template":"template-fullwidth.php","meta":{"footnotes":""},"class_list":["post-71","page","type-page","status-publish","hentry"],"_links":{"self":[{"href":"https:\/\/www.hsgmh.de\/index.php?rest_route=\/wp\/v2\/pages\/71","targetHints":{"allow":["GET"]}}],"collection":[{"href":"https:\/\/www.hsgmh.de\/index.php?rest_route=\/wp\/v2\/pages"}],"about":[{"href":"https:\/\/www.hsgmh.de\/index.php?rest_route=\/wp\/v2\/types\/page"}],"author":[{"embeddable":true,"href":"https:\/\/www.hsgmh.de\/index.php?rest_route=\/wp\/v2\/users\/1"}],"replies":[{"embeddable":true,"href":"https:\/\/www.hsgmh.de\/index.php?rest_route=%2Fwp%2Fv2%2Fcomments&post=71"}],"version-history":[{"count":61,"href":"https:\/\/www.hsgmh.de\/index.php?rest_route=\/wp\/v2\/pages\/71\/revisions"}],"predecessor-version":[{"id":3530,"href":"https:\/\/www.hsgmh.de\/index.php?rest_route=\/wp\/v2\/pages\/71\/revisions\/3530"}],"wp:attachment":[{"href":"https:\/\/www.hsgmh.de\/index.php?rest_route=%2Fwp%2Fv2%2Fmedia&parent=71"}],"curies":[{"name":"wp","href":"https:\/\/api.w.org\/{rel}","templated":true}]}}