{"id":3334,"date":"2025-07-03T15:17:19","date_gmt":"2025-07-03T13:17:19","guid":{"rendered":"https:\/\/www.hsgmh.de\/?page_id=3334"},"modified":"2025-09-03T12:06:11","modified_gmt":"2025-09-03T10:06:11","slug":"b-jugend-weiblich-jg-2010-2009-in-kooperation-mit-hsg-rue-bau-koen","status":"publish","type":"page","link":"https:\/\/www.hsgmh.de\/?page_id=3334","title":{"rendered":"B-Jugend weiblich (Jg. 2010\/2009) In Kooperation mit HSG R\u00fc\/Bau\/K\u00f6n"},"content":{"rendered":"\n<figure class=\"wp-block-image size-large is-resized\"><img loading=\"lazy\" decoding=\"async\" width=\"1024\" height=\"724\" src=\"https:\/\/www.hsgmh.de\/wp-content\/uploads\/2025\/07\/WhatsApp-Bild-2025-07-03-um-13.09.02_f9af4a3d-2-1024x724.jpg\" alt=\"\" class=\"wp-image-3336\" style=\"width:943px;height:auto\" srcset=\"https:\/\/www.hsgmh.de\/wp-content\/uploads\/2025\/07\/WhatsApp-Bild-2025-07-03-um-13.09.02_f9af4a3d-2-1024x724.jpg 1024w, https:\/\/www.hsgmh.de\/wp-content\/uploads\/2025\/07\/WhatsApp-Bild-2025-07-03-um-13.09.02_f9af4a3d-2-300x212.jpg 300w, https:\/\/www.hsgmh.de\/wp-content\/uploads\/2025\/07\/WhatsApp-Bild-2025-07-03-um-13.09.02_f9af4a3d-2-768x543.jpg 768w, https:\/\/www.hsgmh.de\/wp-content\/uploads\/2025\/07\/WhatsApp-Bild-2025-07-03-um-13.09.02_f9af4a3d-2-1536x1087.jpg 1536w, https:\/\/www.hsgmh.de\/wp-content\/uploads\/2025\/07\/WhatsApp-Bild-2025-07-03-um-13.09.02_f9af4a3d-2.jpg 2000w\" sizes=\"auto, (max-width: 1024px) 100vw, 1024px\" \/><\/figure>\n\n\n<ul class=\"wp-block-latest-posts__list is-grid columns-3 has-dates wp-block-latest-posts\"><li><a class=\"wp-block-latest-posts__post-title\" href=\"https:\/\/www.hsgmh.de\/?p=3564\">w. E-Jgd.\u00a0JSG Kastel\/BIK Wiesbaden\u00a0 &#8211;\u00a0 HSG MainHandball\u00a0 0:2 (144: 66\/18:11)<\/a><time datetime=\"2026-03-27T11:35:53+01:00\" class=\"wp-block-latest-posts__post-date\">27 M\u00e4rz, 2026<\/time><\/li>\n<li><a class=\"wp-block-latest-posts__post-title\" href=\"https:\/\/www.hsgmh.de\/?p=3562\">m. E-Jgd.\u00a0TG Kastel \u2013 HSG MainHandball\u00a0 2:0 (168:144\/21:18)<\/a><time datetime=\"2026-03-27T11:34:58+01:00\" class=\"wp-block-latest-posts__post-date\">27 M\u00e4rz, 2026<\/time><\/li>\n<li><a class=\"wp-block-latest-posts__post-title\" href=\"https:\/\/www.hsgmh.de\/?p=3557\">m. C-Jgd.\u00a0\u00a0HSG MainHandball \u2013 TG Kastel\u00a0 30:31\u00a0\u00a0\u00a0(16:14)<\/a><time datetime=\"2026-03-20T09:41:16+01:00\" class=\"wp-block-latest-posts__post-date\">20 M\u00e4rz, 2026<\/time><\/li>\n<li><a class=\"wp-block-latest-posts__post-title\" href=\"https:\/\/www.hsgmh.de\/?p=3555\">w. D-Jgd.\u00a0\u00a0HSG MainHandball \u2013 SG Wehrh.\/Obernhain 2\u00a0 \u00a018:19 (8:8)<\/a><time datetime=\"2026-03-20T09:40:37+01:00\" class=\"wp-block-latest-posts__post-date\">20 M\u00e4rz, 2026<\/time><\/li>\n<li><a class=\"wp-block-latest-posts__post-title\" href=\"https:\/\/www.hsgmh.de\/?p=3553\">w. C-Jgd.\u00a0\u00a0HSG MainHandball \u2013TSG M\u00fcnster 2 \u00a024: 24 (13:17)<\/a><time datetime=\"2026-03-20T09:39:17+01:00\" class=\"wp-block-latest-posts__post-date\">20 M\u00e4rz, 2026<\/time><\/li>\n<\/ul>\n\n\n<div class=\"srsTab\" srsurl=\"https:\/\/hhv-handball.liga.nu\/cgi-bin\/WebObjects\/nuLigaHBDE.woa\/wa\/groupPage?championship=Darmstadt+25%2F26&#038;group=422064\" srsverein=\"HSG MainHandball\" srsauchspiele=\"1\"><\/div>\n<div class=\"srsPlan\" srsurl=\"https:\/\/hhv-handball.liga.nu\/cgi-bin\/WebObjects\/nuLigaHBDE.woa\/wa\/groupPage?championship=Darmstadt+25%2F26&#038;group=422064\" srsverein=\"HSG MainHandball\"><\/div>\n<a href=\"https:\/\/hhv-handball.liga.nu\/cgi-bin\/WebObjects\/nuLigaHBDE.woa\/wa\/getTeamMeetingsWebcal?teamid=1593837&#038;token=LfgV%2FE4tO8w%3D\">Zum Kalender hinzuf\u00fcgen<\/a> (statisch, zum herunterladen)<br>\n<a href=\"webcal:\/\/hhv-handball.liga.nu\/cgi-bin\/WebObjects\/nuLigaHBDE.woa\/wa\/getTeamMeetingsWebcal?teamid=1593837&#038;token=LfgV%2FE4tO8w%3D\">Zum eiPhone Kalender hinzuf\u00fcgen<\/a> (aktualisiert sich automatisch)<br><br>\n\n\n\n<h2 class=\"wp-block-heading\">Training<\/h2>\n\n\n\n<p>Mo. 18:00 &#8211; 20:00 Uhr <a href=\"https:\/\/maps.app.goo.gl\/wxPVtmwqjV1qGWgY6\" data-type=\"link\" data-id=\"https:\/\/maps.app.goo.gl\/wxPVtmwqjV1qGWgY6\">K\u00f6nigst\u00e4tten<\/a><br>Mi. 19:00 &#8211; 20:30 Uhr <a href=\"https:\/\/maps.app.goo.gl\/tEnZ26iWiFD7Gsdh6\" target=\"_blank\" rel=\"noreferrer noopener\">Fl\u00f6rsheim<\/a><\/p>\n\n\n\n<p><strong>Kontakt:<\/strong><br>Trainer: Heiko Schrecker, Lena Kugies und Kai-Uwe K\u00f6nig<br>Email: <a href=\"mailto:mainhandball@hsgmh.de\">mainhandball@hsgmh.de<\/a><\/p>\n","protected":false},"excerpt":{"rendered":"<p>Zum Kalender hinzuf\u00fcgen (statisch, zum herunterladen) Zum eiPhone Kalender hinzuf\u00fcgen (aktualisiert sich automatisch) Training Mo. 18:00 &#8211; 20:00 Uhr K\u00f6nigst\u00e4ttenMi. 19:00 &#8211; 20:30 Uhr Fl\u00f6rsheim Kontakt:Trainer: Heiko Schrecker, Lena Kugies und Kai-Uwe K\u00f6nigEmail: mainhandball@hsgmh.de<\/p>\n","protected":false},"author":7,"featured_media":0,"parent":0,"menu_order":0,"comment_status":"closed","ping_status":"closed","template":"template-fullwidth.php","meta":{"footnotes":""},"class_list":["post-3334","page","type-page","status-publish","hentry"],"_links":{"self":[{"href":"https:\/\/www.hsgmh.de\/index.php?rest_route=\/wp\/v2\/pages\/3334","targetHints":{"allow":["GET"]}}],"collection":[{"href":"https:\/\/www.hsgmh.de\/index.php?rest_route=\/wp\/v2\/pages"}],"about":[{"href":"https:\/\/www.hsgmh.de\/index.php?rest_route=\/wp\/v2\/types\/page"}],"author":[{"embeddable":true,"href":"https:\/\/www.hsgmh.de\/index.php?rest_route=\/wp\/v2\/users\/7"}],"replies":[{"embeddable":true,"href":"https:\/\/www.hsgmh.de\/index.php?rest_route=%2Fwp%2Fv2%2Fcomments&post=3334"}],"version-history":[{"count":4,"href":"https:\/\/www.hsgmh.de\/index.php?rest_route=\/wp\/v2\/pages\/3334\/revisions"}],"predecessor-version":[{"id":3408,"href":"https:\/\/www.hsgmh.de\/index.php?rest_route=\/wp\/v2\/pages\/3334\/revisions\/3408"}],"wp:attachment":[{"href":"https:\/\/www.hsgmh.de\/index.php?rest_route=%2Fwp%2Fv2%2Fmedia&parent=3334"}],"curies":[{"name":"wp","href":"https:\/\/api.w.org\/{rel}","templated":true}]}}