{"id":3329,"date":"2025-07-03T14:56:41","date_gmt":"2025-07-03T12:56:41","guid":{"rendered":"https:\/\/www.hsgmh.de\/?page_id=3329"},"modified":"2025-08-25T18:35:23","modified_gmt":"2025-08-25T16:35:23","slug":"c-jugend-weiblich-jg-2012-2011","status":"publish","type":"page","link":"https:\/\/www.hsgmh.de\/?page_id=3329","title":{"rendered":"C-Jugend weiblich (Jg. 2012\/2011) In Kooparation mit HSG R\u00fc\/Bau\/K\u00f6n"},"content":{"rendered":"\n<figure class=\"wp-block-image size-large is-resized\"><img loading=\"lazy\" decoding=\"async\" width=\"1024\" height=\"724\" src=\"https:\/\/www.hsgmh.de\/wp-content\/uploads\/2025\/07\/WhatsApp-Bild-2025-07-03-um-13.09.02_f9af4a3d-1-1024x724.jpg\" alt=\"\" class=\"wp-image-3330\" style=\"width:898px;height:auto\" srcset=\"https:\/\/www.hsgmh.de\/wp-content\/uploads\/2025\/07\/WhatsApp-Bild-2025-07-03-um-13.09.02_f9af4a3d-1-1024x724.jpg 1024w, https:\/\/www.hsgmh.de\/wp-content\/uploads\/2025\/07\/WhatsApp-Bild-2025-07-03-um-13.09.02_f9af4a3d-1-300x212.jpg 300w, https:\/\/www.hsgmh.de\/wp-content\/uploads\/2025\/07\/WhatsApp-Bild-2025-07-03-um-13.09.02_f9af4a3d-1-768x543.jpg 768w, https:\/\/www.hsgmh.de\/wp-content\/uploads\/2025\/07\/WhatsApp-Bild-2025-07-03-um-13.09.02_f9af4a3d-1-1536x1087.jpg 1536w, https:\/\/www.hsgmh.de\/wp-content\/uploads\/2025\/07\/WhatsApp-Bild-2025-07-03-um-13.09.02_f9af4a3d-1.jpg 2000w\" sizes=\"auto, (max-width: 1024px) 100vw, 1024px\" \/><\/figure>\n\n\n<ul class=\"wp-block-latest-posts__list is-grid columns-3 has-dates wp-block-latest-posts\"><li><a class=\"wp-block-latest-posts__post-title\" href=\"https:\/\/www.hsgmh.de\/?p=3564\">w. E-Jgd.\u00a0JSG Kastel\/BIK Wiesbaden\u00a0 &#8211;\u00a0 HSG MainHandball\u00a0 0:2 (144: 66\/18:11)<\/a><time datetime=\"2026-03-27T11:35:53+01:00\" class=\"wp-block-latest-posts__post-date\">27 M\u00e4rz, 2026<\/time><\/li>\n<li><a class=\"wp-block-latest-posts__post-title\" href=\"https:\/\/www.hsgmh.de\/?p=3562\">m. E-Jgd.\u00a0TG Kastel \u2013 HSG MainHandball\u00a0 2:0 (168:144\/21:18)<\/a><time datetime=\"2026-03-27T11:34:58+01:00\" class=\"wp-block-latest-posts__post-date\">27 M\u00e4rz, 2026<\/time><\/li>\n<li><a class=\"wp-block-latest-posts__post-title\" href=\"https:\/\/www.hsgmh.de\/?p=3557\">m. C-Jgd.\u00a0\u00a0HSG MainHandball \u2013 TG Kastel\u00a0 30:31\u00a0\u00a0\u00a0(16:14)<\/a><time datetime=\"2026-03-20T09:41:16+01:00\" class=\"wp-block-latest-posts__post-date\">20 M\u00e4rz, 2026<\/time><\/li>\n<li><a class=\"wp-block-latest-posts__post-title\" href=\"https:\/\/www.hsgmh.de\/?p=3555\">w. D-Jgd.\u00a0\u00a0HSG MainHandball \u2013 SG Wehrh.\/Obernhain 2\u00a0 \u00a018:19 (8:8)<\/a><time datetime=\"2026-03-20T09:40:37+01:00\" class=\"wp-block-latest-posts__post-date\">20 M\u00e4rz, 2026<\/time><\/li>\n<li><a class=\"wp-block-latest-posts__post-title\" href=\"https:\/\/www.hsgmh.de\/?p=3553\">w. C-Jgd.\u00a0\u00a0HSG MainHandball \u2013TSG M\u00fcnster 2 \u00a024: 24 (13:17)<\/a><time datetime=\"2026-03-20T09:39:17+01:00\" class=\"wp-block-latest-posts__post-date\">20 M\u00e4rz, 2026<\/time><\/li>\n<\/ul>\n\n\n<div class=\"srsTab\" srsurl=\"https:\/\/hhv-handball.liga.nu\/cgi-bin\/WebObjects\/nuLigaHBDE.woa\/wa\/groupPage?championship=Wiesbaden-Frankfurt+25%2F26&#038;group=421773\" srsverein=\"HSG MainHandball\" srsauchspiele=\"1\"><\/div>\n<div class=\"srsPlan\" srsurl=\"https:\/\/hhv-handball.liga.nu\/cgi-bin\/WebObjects\/nuLigaHBDE.woa\/wa\/groupPage?championship=Wiesbaden-Frankfurt+25%2F26&#038;group=421773\" srsverein=\"HSG MainHandball\"><\/div>\n<a href=\"https:\/\/hhv-handball.liga.nu\/cgi-bin\/WebObjects\/nuLigaHBDE.woa\/wa\/getTeamMeetingsWebcal?teamid=1593838&#038;token=joVIX%2BQNveg%3D\">Zum Kalender hinzuf\u00fcgen<\/a> (statisch, zum herunterladen)<br>\n<a href=\"webcal:\/\/hhv-handball.liga.nu\/cgi-bin\/WebObjects\/nuLigaHBDE.woa\/wa\/getTeamMeetingsWebcal?teamid=1593838&#038;token=joVIX%2BQNveg%3D\">Zum eiPhone Kalender hinzuf\u00fcgen<\/a> (aktualisiert sich automatisch)<br><br>\n\n\n\n<h2 class=\"wp-block-heading\">Training<\/h2>\n\n\n\n<p>Mo. 18:30 &#8211; 20:00 Uhr <a href=\"https:\/\/maps.app.goo.gl\/EgNBN5AQsNEgXVhx7\" data-type=\"link\" data-id=\"https:\/\/maps.app.goo.gl\/EgNBN5AQsNEgXVhx7\">R\u00fcsselsheim<\/a><br>Do. 17:30 &#8211; 19:00 Uhr <a href=\"https:\/\/maps.app.goo.gl\/tEnZ26iWiFD7Gsdh6\" target=\"_blank\" rel=\"noreferrer noopener\">Fl\u00f6rsheim<\/a><\/p>\n\n\n\n<p><strong>Kontakt:<\/strong><br>Trainer: Lavina Gericke und Madeleine Reiche<br>Email: <a href=\"mailto:phoebe.dee@gmx.de\">phoebe.dee@gmx.de<\/a><\/p>\n","protected":false},"excerpt":{"rendered":"<p>Zum Kalender hinzuf\u00fcgen (statisch, zum herunterladen) Zum eiPhone Kalender hinzuf\u00fcgen (aktualisiert sich automatisch) Training Mo. 18:30 &#8211; 20:00 Uhr R\u00fcsselsheimDo. 17:30 &#8211; 19:00 Uhr Fl\u00f6rsheim Kontakt:Trainer: Lavina Gericke und Madeleine ReicheEmail: phoebe.dee@gmx.de<\/p>\n","protected":false},"author":7,"featured_media":0,"parent":0,"menu_order":0,"comment_status":"closed","ping_status":"closed","template":"template-fullwidth.php","meta":{"footnotes":""},"class_list":["post-3329","page","type-page","status-publish","hentry"],"_links":{"self":[{"href":"https:\/\/www.hsgmh.de\/index.php?rest_route=\/wp\/v2\/pages\/3329","targetHints":{"allow":["GET"]}}],"collection":[{"href":"https:\/\/www.hsgmh.de\/index.php?rest_route=\/wp\/v2\/pages"}],"about":[{"href":"https:\/\/www.hsgmh.de\/index.php?rest_route=\/wp\/v2\/types\/page"}],"author":[{"embeddable":true,"href":"https:\/\/www.hsgmh.de\/index.php?rest_route=\/wp\/v2\/users\/7"}],"replies":[{"embeddable":true,"href":"https:\/\/www.hsgmh.de\/index.php?rest_route=%2Fwp%2Fv2%2Fcomments&post=3329"}],"version-history":[{"count":5,"href":"https:\/\/www.hsgmh.de\/index.php?rest_route=\/wp\/v2\/pages\/3329\/revisions"}],"predecessor-version":[{"id":3401,"href":"https:\/\/www.hsgmh.de\/index.php?rest_route=\/wp\/v2\/pages\/3329\/revisions\/3401"}],"wp:attachment":[{"href":"https:\/\/www.hsgmh.de\/index.php?rest_route=%2Fwp%2Fv2%2Fmedia&parent=3329"}],"curies":[{"name":"wp","href":"https:\/\/api.w.org\/{rel}","templated":true}]}}