{"id":3302,"date":"2025-07-03T14:34:40","date_gmt":"2025-07-03T12:34:40","guid":{"rendered":"https:\/\/www.hsgmh.de\/?page_id=3302"},"modified":"2025-07-03T14:43:48","modified_gmt":"2025-07-03T12:43:48","slug":"f-jugend-2-jg-2017-2018","status":"publish","type":"page","link":"https:\/\/www.hsgmh.de\/?page_id=3302","title":{"rendered":"F Jugend 2 (Jg. 2017\/2018)"},"content":{"rendered":"\n<figure class=\"wp-block-image size-large\"><img loading=\"lazy\" decoding=\"async\" width=\"1024\" height=\"724\" src=\"https:\/\/www.hsgmh.de\/wp-content\/uploads\/2025\/07\/WhatsApp-Bild-2025-07-03-um-13.09.02_f9af4a3d-1024x724.jpg\" alt=\"\" class=\"wp-image-3303\" srcset=\"https:\/\/www.hsgmh.de\/wp-content\/uploads\/2025\/07\/WhatsApp-Bild-2025-07-03-um-13.09.02_f9af4a3d-1024x724.jpg 1024w, https:\/\/www.hsgmh.de\/wp-content\/uploads\/2025\/07\/WhatsApp-Bild-2025-07-03-um-13.09.02_f9af4a3d-300x212.jpg 300w, https:\/\/www.hsgmh.de\/wp-content\/uploads\/2025\/07\/WhatsApp-Bild-2025-07-03-um-13.09.02_f9af4a3d-768x543.jpg 768w, https:\/\/www.hsgmh.de\/wp-content\/uploads\/2025\/07\/WhatsApp-Bild-2025-07-03-um-13.09.02_f9af4a3d-1536x1087.jpg 1536w, https:\/\/www.hsgmh.de\/wp-content\/uploads\/2025\/07\/WhatsApp-Bild-2025-07-03-um-13.09.02_f9af4a3d.jpg 2000w\" sizes=\"auto, (max-width: 1024px) 100vw, 1024px\" \/><\/figure>\n\n\n<ul class=\"wp-block-latest-posts__list is-grid columns-3 has-dates wp-block-latest-posts\"><li><a class=\"wp-block-latest-posts__post-title\" href=\"https:\/\/www.hsgmh.de\/?p=3438\">Handballspielefest der F-Jugend in Eltville<\/a><time datetime=\"2025-10-02T17:17:15+02:00\" class=\"wp-block-latest-posts__post-date\">2 Oktober, 2025<\/time><\/li>\n<li><a class=\"wp-block-latest-posts__post-title\" href=\"https:\/\/www.hsgmh.de\/?p=2672\">HSG MainHandball-Minis: 1. Spielfestbesuch der G-Minis bei der TSG Eddersheim<\/a><time datetime=\"2022-03-30T20:49:29+02:00\" class=\"wp-block-latest-posts__post-date\">30 M\u00e4rz, 2022<\/time><\/li>\n<li><a class=\"wp-block-latest-posts__post-title\" href=\"https:\/\/www.hsgmh.de\/?p=2216\">F-Jugend: Gutes und erfolgreiches Spielfest<\/a><time datetime=\"2020-03-11T12:49:02+01:00\" class=\"wp-block-latest-posts__post-date\">11 M\u00e4rz, 2020<\/time><\/li>\n<li><a class=\"wp-block-latest-posts__post-title\" href=\"https:\/\/www.hsgmh.de\/?p=2212\">Minihandball: Gro\u00dfer Spa\u00df bei den Minispielfesten in Fl\u00f6rsheim mit dem Thema Afrika<\/a><time datetime=\"2020-03-11T12:47:37+01:00\" class=\"wp-block-latest-posts__post-date\">11 M\u00e4rz, 2020<\/time><\/li>\n<li><a class=\"wp-block-latest-posts__post-title\" href=\"https:\/\/www.hsgmh.de\/?p=1481\">HSG MainHandball-Minis: Spielfeste der G- u. F-Jugend unter dem Motto \u201eWilder Westen\u201c<\/a><time datetime=\"2019-02-19T20:52:01+01:00\" class=\"wp-block-latest-posts__post-date\">19 Februar, 2019<\/time><\/li>\n<\/ul>\n\n\nBitte direkt auf NuLiga schauen.\n\n\n\n<h2 class=\"wp-block-heading\">Training<\/h2>\n\n\n\n<p>Do. 16:30 &#8211; 17:30 <a href=\"https:\/\/goo.gl\/maps\/a9Hq4dDG1E6XEkUSA\" data-type=\"link\" data-id=\"https:\/\/goo.gl\/maps\/a9Hq4dDG1E6XEkUSA\">Kelsterbach<\/a><\/p>\n\n\n\n<p><strong>Kontakt:<\/strong><br>Trainer: Sebastian Koch und Celine Sinning<br>Email: <a href=\"mailto:sebastian@koch-hueckeswagen.net\">sebastian@koch-hueckeswagen.net<\/a><\/p>\n","protected":false},"excerpt":{"rendered":"<p>Bitte direkt auf NuLiga schauen. Training Do. 16:30 &#8211; 17:30 Kelsterbach Kontakt:Trainer: Sebastian Koch und Celine SinningEmail: sebastian@koch-hueckeswagen.net<\/p>\n","protected":false},"author":7,"featured_media":0,"parent":0,"menu_order":0,"comment_status":"closed","ping_status":"closed","template":"template-fullwidth.php","meta":{"footnotes":""},"class_list":["post-3302","page","type-page","status-publish","hentry"],"_links":{"self":[{"href":"https:\/\/www.hsgmh.de\/index.php?rest_route=\/wp\/v2\/pages\/3302","targetHints":{"allow":["GET"]}}],"collection":[{"href":"https:\/\/www.hsgmh.de\/index.php?rest_route=\/wp\/v2\/pages"}],"about":[{"href":"https:\/\/www.hsgmh.de\/index.php?rest_route=\/wp\/v2\/types\/page"}],"author":[{"embeddable":true,"href":"https:\/\/www.hsgmh.de\/index.php?rest_route=\/wp\/v2\/users\/7"}],"replies":[{"embeddable":true,"href":"https:\/\/www.hsgmh.de\/index.php?rest_route=%2Fwp%2Fv2%2Fcomments&post=3302"}],"version-history":[{"count":2,"href":"https:\/\/www.hsgmh.de\/index.php?rest_route=\/wp\/v2\/pages\/3302\/revisions"}],"predecessor-version":[{"id":3317,"href":"https:\/\/www.hsgmh.de\/index.php?rest_route=\/wp\/v2\/pages\/3302\/revisions\/3317"}],"wp:attachment":[{"href":"https:\/\/www.hsgmh.de\/index.php?rest_route=%2Fwp%2Fv2%2Fmedia&parent=3302"}],"curies":[{"name":"wp","href":"https:\/\/api.w.org\/{rel}","templated":true}]}}