{"id":3004,"date":"2024-08-20T15:20:13","date_gmt":"2024-08-20T13:20:13","guid":{"rendered":"https:\/\/www.hsgmh.de\/?page_id=3004"},"modified":"2025-09-03T12:04:09","modified_gmt":"2025-09-03T10:04:09","slug":"b-jugend-maennlich","status":"publish","type":"page","link":"https:\/\/www.hsgmh.de\/?page_id=3004","title":{"rendered":"B-Jugend m\u00e4nnlich (Jg. 2010\/2009) In Kooperation mit HSG R\u00fc\/Bau\/K\u00f6n"},"content":{"rendered":"\n<figure class=\"wp-block-image size-large is-resized\"><img loading=\"lazy\" decoding=\"async\" width=\"1024\" height=\"657\" src=\"https:\/\/www.hsgmh.de\/wp-content\/uploads\/2024\/09\/WhatsApp-Image-2024-09-14-at-08.24.45-1024x657.jpeg\" alt=\"\" class=\"wp-image-3175\" style=\"width:943px;height:auto\" srcset=\"https:\/\/www.hsgmh.de\/wp-content\/uploads\/2024\/09\/WhatsApp-Image-2024-09-14-at-08.24.45-1024x657.jpeg 1024w, https:\/\/www.hsgmh.de\/wp-content\/uploads\/2024\/09\/WhatsApp-Image-2024-09-14-at-08.24.45-300x192.jpeg 300w, https:\/\/www.hsgmh.de\/wp-content\/uploads\/2024\/09\/WhatsApp-Image-2024-09-14-at-08.24.45-768x493.jpeg 768w, https:\/\/www.hsgmh.de\/wp-content\/uploads\/2024\/09\/WhatsApp-Image-2024-09-14-at-08.24.45-1536x986.jpeg 1536w, https:\/\/www.hsgmh.de\/wp-content\/uploads\/2024\/09\/WhatsApp-Image-2024-09-14-at-08.24.45.jpeg 2048w\" sizes=\"auto, (max-width: 1024px) 100vw, 1024px\" \/><\/figure>\n\n\n<ul class=\"wp-block-latest-posts__list is-grid columns-3 has-dates wp-block-latest-posts\"><li><a class=\"wp-block-latest-posts__post-title\" href=\"https:\/\/www.hsgmh.de\/?p=3280\">m.B-Jgd.: HSG MainHandball &#8211; HSG Goldstein\/Schwanheim 2 a.K. 24:46 (9:21)<\/a><time datetime=\"2025-04-02T19:37:16+02:00\" class=\"wp-block-latest-posts__post-date\">2 April, 2025<\/time><\/li>\n<li><a class=\"wp-block-latest-posts__post-title\" href=\"https:\/\/www.hsgmh.de\/?p=3251\">HSG MainHandballjugend: m.B-Jugend knapp am Punktgewinn vorbeim. B-Jgd.: HSG MainHandball &#8211; HSG MainNidda 2 27:28 (12:14)<\/a><time datetime=\"2025-02-19T14:33:05+01:00\" class=\"wp-block-latest-posts__post-date\">19 Februar, 2025<\/time><\/li>\n<li><a class=\"wp-block-latest-posts__post-title\" href=\"https:\/\/www.hsgmh.de\/?p=2124\">m. B-Jgd.: TG R\u00fcsselsheim &#8211; HSG MainHandball 24:25 (14:15)<\/a><time datetime=\"2020-01-22T15:38:56+01:00\" class=\"wp-block-latest-posts__post-date\">22 Januar, 2020<\/time><\/li>\n<li><a class=\"wp-block-latest-posts__post-title\" href=\"https:\/\/www.hsgmh.de\/?p=2090\">m. B-Jgd.: HSG MainHandball &#8211; TuS Nordenstadt 20:9 (10:5)<\/a><time datetime=\"2019-12-13T13:28:56+01:00\" class=\"wp-block-latest-posts__post-date\">13 Dezember, 2019<\/time><\/li>\n<li><a class=\"wp-block-latest-posts__post-title\" href=\"https:\/\/www.hsgmh.de\/?p=1852\">m. B-Jgd.: HSG MainHandball &#8211; TG R\u00fcsselsheim 17:21 (9:12)<\/a><time datetime=\"2019-09-20T11:55:41+02:00\" class=\"wp-block-latest-posts__post-date\">20 September, 2019<\/time><\/li>\n<\/ul>\n\n\n<div class=\"srsTab\" srsurl=\"https:\/\/hhv-handball.liga.nu\/cgi-bin\/WebObjects\/nuLigaHBDE.woa\/wa\/groupPage?championship=Darmstadt+25%2F26&#038;group=421842\" srsverein=\"HSG MainHandball\" srsauchspiele=\"1\"><\/div>\n<div class=\"srsPlan\" srsurl=\"https:\/\/hhv-handball.liga.nu\/cgi-bin\/WebObjects\/nuLigaHBDE.woa\/wa\/groupPage?championship=Darmstadt+25%2F26&#038;group=421842\" srsverein=\"HSG MainHandball\"><\/div>\n<a href=\"https:\/\/hhv-handball.liga.nu\/cgi-bin\/WebObjects\/nuLigaHBDE.woa\/wa\/getTeamMeetingsWebcal?teamid=1593837&#038;token=LfgV%2FE4tO8w%3D\">Zum Kalender hinzuf\u00fcgen<\/a> (statisch, zum herunterladen)<br>\n<a href=\"webcal:\/\/hhv-handball.liga.nu\/cgi-bin\/WebObjects\/nuLigaHBDE.woa\/wa\/getTeamMeetingsWebcal?teamid=1593837&#038;token=LfgV%2FE4tO8w%3D\">Zum eiPhone Kalender hinzuf\u00fcgen<\/a> (aktualisiert sich automatisch)<br><br>\n\n\n\n<h2 class=\"wp-block-heading\">Training<\/h2>\n\n\n\n<p>Di. 19:00 &#8211; 20:30 Uhr <a href=\"https:\/\/maps.app.goo.gl\/tEnZ26iWiFD7Gsdh6\" target=\"_blank\" rel=\"noreferrer noopener\">Fl\u00f6rsheim<\/a><br>Do. 19:00 &#8211; 20:30 Uhr <a href=\"https:\/\/maps.app.goo.gl\/wxPVtmwqjV1qGWgY6\" data-type=\"link\" data-id=\"https:\/\/maps.app.goo.gl\/wxPVtmwqjV1qGWgY6\">K\u00f6nigst\u00e4tten<\/a><\/p>\n\n\n\n<p><strong>Kontakt:<\/strong><br>Trainer: Leon Hechler, Christoph Marx und Markus Heiss-Chouquet<br>Email: <a href=\"mailto:Leon.Hechler@icloud.com\">Leon.Hechler@icloud.com<\/a><\/p>\n","protected":false},"excerpt":{"rendered":"<p>Zum Kalender hinzuf\u00fcgen (statisch, zum herunterladen) Zum eiPhone Kalender hinzuf\u00fcgen (aktualisiert sich automatisch) Training Di. 19:00 &#8211; 20:30 Uhr Fl\u00f6rsheimDo. 19:00 &#8211; 20:30 Uhr K\u00f6nigst\u00e4tten Kontakt:Trainer: Leon Hechler, Christoph Marx und Markus Heiss-ChouquetEmail: Leon.Hechler@icloud.com<\/p>\n","protected":false},"author":7,"featured_media":0,"parent":0,"menu_order":0,"comment_status":"closed","ping_status":"closed","template":"template-fullwidth.php","meta":{"footnotes":""},"class_list":["post-3004","page","type-page","status-publish","hentry"],"_links":{"self":[{"href":"https:\/\/www.hsgmh.de\/index.php?rest_route=\/wp\/v2\/pages\/3004","targetHints":{"allow":["GET"]}}],"collection":[{"href":"https:\/\/www.hsgmh.de\/index.php?rest_route=\/wp\/v2\/pages"}],"about":[{"href":"https:\/\/www.hsgmh.de\/index.php?rest_route=\/wp\/v2\/types\/page"}],"author":[{"embeddable":true,"href":"https:\/\/www.hsgmh.de\/index.php?rest_route=\/wp\/v2\/users\/7"}],"replies":[{"embeddable":true,"href":"https:\/\/www.hsgmh.de\/index.php?rest_route=%2Fwp%2Fv2%2Fcomments&post=3004"}],"version-history":[{"count":12,"href":"https:\/\/www.hsgmh.de\/index.php?rest_route=\/wp\/v2\/pages\/3004\/revisions"}],"predecessor-version":[{"id":3407,"href":"https:\/\/www.hsgmh.de\/index.php?rest_route=\/wp\/v2\/pages\/3004\/revisions\/3407"}],"wp:attachment":[{"href":"https:\/\/www.hsgmh.de\/index.php?rest_route=%2Fwp%2Fv2%2Fmedia&parent=3004"}],"curies":[{"name":"wp","href":"https:\/\/api.w.org\/{rel}","templated":true}]}}