{"id":2962,"date":"2024-08-22T14:34:02","date_gmt":"2024-08-22T12:34:02","guid":{"rendered":"https:\/\/www.hsgmh.de\/?page_id=2962"},"modified":"2024-08-28T16:33:39","modified_gmt":"2024-08-28T14:33:39","slug":"2962-2","status":"publish","type":"page","link":"https:\/\/www.hsgmh.de\/","title":{"rendered":""},"content":{"rendered":"<div class=\"wp-block-image\">\n<figure class=\"aligncenter size-large\"><img loading=\"lazy\" decoding=\"async\" width=\"1024\" height=\"431\" src=\"https:\/\/www.hsgmh.de\/wp-content\/uploads\/2024\/08\/WhatsApp-Image-2024-08-28-at-16.22.08-2-1024x431.jpeg\" alt=\"\" class=\"wp-image-3164\" srcset=\"https:\/\/www.hsgmh.de\/wp-content\/uploads\/2024\/08\/WhatsApp-Image-2024-08-28-at-16.22.08-2-1024x431.jpeg 1024w, https:\/\/www.hsgmh.de\/wp-content\/uploads\/2024\/08\/WhatsApp-Image-2024-08-28-at-16.22.08-2-300x126.jpeg 300w, https:\/\/www.hsgmh.de\/wp-content\/uploads\/2024\/08\/WhatsApp-Image-2024-08-28-at-16.22.08-2-768x323.jpeg 768w, https:\/\/www.hsgmh.de\/wp-content\/uploads\/2024\/08\/WhatsApp-Image-2024-08-28-at-16.22.08-2-1536x647.jpeg 1536w, https:\/\/www.hsgmh.de\/wp-content\/uploads\/2024\/08\/WhatsApp-Image-2024-08-28-at-16.22.08-2.jpeg 2048w\" sizes=\"auto, (max-width: 1024px) 100vw, 1024px\" \/><\/figure>\n<\/div>\n\n\n<p class=\"has-text-align-center has-large-font-size\"><strong>Herzlich willkommen auf der Internetseite der<\/strong><\/p>\n\n\n\n<p class=\"has-text-align-center has-large-font-size\"><strong>HSG MainHandball<\/strong><\/p>\n\n\n\n<p class=\"has-text-align-center\">3 Vereine 1 Liebe. Wir sind die Handballer der Spielgemeinschaft aus Fl\u00f6rsheim, Raunheim und Kelsterbach. Aus eine Liebe w\u00fcrde ein Verbund. Die mit Leidenschaft und Engagement den Handball voranbringen will.<\/p>\n\n\n\n<h2 class=\"wp-block-heading has-text-align-center\">Unsere Sportst\u00e4tten<\/h2>\n\n\n<p>Unser Verein umfasst insgesamt 12 Mannschaften. Von Mini-Minis bis hin zu den Aktivenmannschaften. Wir bieten mit viel Spa\u00df und Leidenschaft in unseren Hallen unseren Lieblingssport an.<\/p>\n\n\n<div class=\"wp-block-columns is-layout-flex wp-container-core-columns-is-layout-9d6595d7 wp-block-columns-is-layout-flex\">\n<div class=\"wp-block-column is-layout-flow wp-block-column-is-layout-flow\">\n<figure class=\"wp-block-image size-large\"><a href=\"https:\/\/www.google.de\/maps\/dir\/\/50.0141512,8.421851\/@50.0139286,8.4221117,19.46z\/data=!4m2!4m1!3e2?entry=ttu\"><img loading=\"lazy\" decoding=\"async\" width=\"1024\" height=\"585\" src=\"https:\/\/www.hsgmh.de\/wp-content\/uploads\/2024\/08\/Gruen-Cremefarben-Retro-Fahrrad-Shop-Visitenkarte.zip-2-1-1024x585.jpg\" alt=\"\" class=\"wp-image-2963\" srcset=\"https:\/\/www.hsgmh.de\/wp-content\/uploads\/2024\/08\/Gruen-Cremefarben-Retro-Fahrrad-Shop-Visitenkarte.zip-2-1-1024x585.jpg 1024w, https:\/\/www.hsgmh.de\/wp-content\/uploads\/2024\/08\/Gruen-Cremefarben-Retro-Fahrrad-Shop-Visitenkarte.zip-2-1-300x171.jpg 300w, https:\/\/www.hsgmh.de\/wp-content\/uploads\/2024\/08\/Gruen-Cremefarben-Retro-Fahrrad-Shop-Visitenkarte.zip-2-1-768x439.jpg 768w, https:\/\/www.hsgmh.de\/wp-content\/uploads\/2024\/08\/Gruen-Cremefarben-Retro-Fahrrad-Shop-Visitenkarte.zip-2-1.jpg 1050w\" sizes=\"auto, (max-width: 1024px) 100vw, 1024px\" \/><\/a><\/figure>\n<\/div>\n\n\n\n<div class=\"wp-block-column is-layout-flow wp-block-column-is-layout-flow\">\n<figure class=\"wp-block-image size-large\"><a href=\"https:\/\/www.google.com\/maps\/place\/Anne-Frank-Schule\/@50.0028384,8.4522094,337m\/data=!3m1!1e3!4m5!3m4!1s0x47bd9f1eb0a93399:0xde87e9b5985dc938!8m2!3d50.00342!4d8.45531?shorturl=1\"><img loading=\"lazy\" decoding=\"async\" width=\"1024\" height=\"585\" src=\"https:\/\/www.hsgmh.de\/wp-content\/uploads\/2024\/08\/Gruen-Cremefarben-Retro-Fahrrad-Shop-Visitenkarte.zip-3-1-1024x585.jpg\" alt=\"\" class=\"wp-image-2964\" srcset=\"https:\/\/www.hsgmh.de\/wp-content\/uploads\/2024\/08\/Gruen-Cremefarben-Retro-Fahrrad-Shop-Visitenkarte.zip-3-1-1024x585.jpg 1024w, https:\/\/www.hsgmh.de\/wp-content\/uploads\/2024\/08\/Gruen-Cremefarben-Retro-Fahrrad-Shop-Visitenkarte.zip-3-1-300x171.jpg 300w, https:\/\/www.hsgmh.de\/wp-content\/uploads\/2024\/08\/Gruen-Cremefarben-Retro-Fahrrad-Shop-Visitenkarte.zip-3-1-768x439.jpg 768w, https:\/\/www.hsgmh.de\/wp-content\/uploads\/2024\/08\/Gruen-Cremefarben-Retro-Fahrrad-Shop-Visitenkarte.zip-3-1.jpg 1050w\" sizes=\"auto, (max-width: 1024px) 100vw, 1024px\" \/><\/a><\/figure>\n<\/div>\n\n\n\n<div class=\"wp-block-column is-layout-flow wp-block-column-is-layout-flow\">\n<figure class=\"wp-block-image size-large\"><a href=\"https:\/\/www.google.de\/maps\/place\/Integrierte+Gesamtschule\/@50.0534092,8.5239806,14.5z\/data=!4m5!3m4!1s0x0:0xa66334f8cab982b3!8m2!3d50.059491!4d8.5369402?shorturl=1\"><img loading=\"lazy\" decoding=\"async\" width=\"1024\" height=\"585\" src=\"https:\/\/www.hsgmh.de\/wp-content\/uploads\/2024\/08\/Gruen-Cremefarben-Retro-Fahrrad-Shop-Visitenkarte.zip-1-1-1024x585.jpg\" alt=\"\" class=\"wp-image-2965\" srcset=\"https:\/\/www.hsgmh.de\/wp-content\/uploads\/2024\/08\/Gruen-Cremefarben-Retro-Fahrrad-Shop-Visitenkarte.zip-1-1-1024x585.jpg 1024w, https:\/\/www.hsgmh.de\/wp-content\/uploads\/2024\/08\/Gruen-Cremefarben-Retro-Fahrrad-Shop-Visitenkarte.zip-1-1-300x171.jpg 300w, https:\/\/www.hsgmh.de\/wp-content\/uploads\/2024\/08\/Gruen-Cremefarben-Retro-Fahrrad-Shop-Visitenkarte.zip-1-1-768x439.jpg 768w, https:\/\/www.hsgmh.de\/wp-content\/uploads\/2024\/08\/Gruen-Cremefarben-Retro-Fahrrad-Shop-Visitenkarte.zip-1-1.jpg 1050w\" sizes=\"auto, (max-width: 1024px) 100vw, 1024px\" \/><\/a><\/figure>\n<\/div>\n<\/div>\n\n\n\n<div class=\"srsPlanVerein\" srsverband=\"hhv-handball\" srsclub=\"69718\" srsohnehalle=\"1\"><\/div>\n<span style=\"font-size:10pt;\">Ein Klick auf das Ergebnis \u00f6ffnet den Spielbericht als PDF.<\/span>\n","protected":false},"excerpt":{"rendered":"<p>Herzlich willkommen auf der Internetseite der HSG MainHandball 3 Vereine 1 Liebe. Wir sind die Handballer der Spielgemeinschaft aus Fl\u00f6rsheim, Raunheim und Kelsterbach. Aus eine Liebe w\u00fcrde ein Verbund. Die mit Leidenschaft und Engagement den Handball voranbringen will. Unsere Sportst\u00e4tten Unser Verein umfasst insgesamt 12 Mannschaften. Von Mini-Minis bis hin zu den Aktivenmannschaften. Wir bieten [&hellip;]<\/p>\n","protected":false},"author":7,"featured_media":0,"parent":0,"menu_order":0,"comment_status":"closed","ping_status":"closed","template":"template-fullwidth.php","meta":{"footnotes":""},"class_list":["post-2962","page","type-page","status-publish","hentry"],"_links":{"self":[{"href":"https:\/\/www.hsgmh.de\/index.php?rest_route=\/wp\/v2\/pages\/2962","targetHints":{"allow":["GET"]}}],"collection":[{"href":"https:\/\/www.hsgmh.de\/index.php?rest_route=\/wp\/v2\/pages"}],"about":[{"href":"https:\/\/www.hsgmh.de\/index.php?rest_route=\/wp\/v2\/types\/page"}],"author":[{"embeddable":true,"href":"https:\/\/www.hsgmh.de\/index.php?rest_route=\/wp\/v2\/users\/7"}],"replies":[{"embeddable":true,"href":"https:\/\/www.hsgmh.de\/index.php?rest_route=%2Fwp%2Fv2%2Fcomments&post=2962"}],"version-history":[{"count":19,"href":"https:\/\/www.hsgmh.de\/index.php?rest_route=\/wp\/v2\/pages\/2962\/revisions"}],"predecessor-version":[{"id":3165,"href":"https:\/\/www.hsgmh.de\/index.php?rest_route=\/wp\/v2\/pages\/2962\/revisions\/3165"}],"wp:attachment":[{"href":"https:\/\/www.hsgmh.de\/index.php?rest_route=%2Fwp%2Fv2%2Fmedia&parent=2962"}],"curies":[{"name":"wp","href":"https:\/\/api.w.org\/{rel}","templated":true}]}}