{"id":1429,"date":"2018-11-22T21:52:54","date_gmt":"2018-11-22T20:52:54","guid":{"rendered":"http:\/\/hsgmh.de\/?page_id=1429"},"modified":"2025-11-16T13:34:15","modified_gmt":"2025-11-16T12:34:15","slug":"mini-minis","status":"publish","type":"page","link":"https:\/\/www.hsgmh.de\/?page_id=1429","title":{"rendered":"Mini-Minis (ab 4 Jahren)"},"content":{"rendered":"\n<figure class=\"wp-block-image size-large\"><img loading=\"lazy\" decoding=\"async\" width=\"1024\" height=\"768\" src=\"https:\/\/www.hsgmh.de\/wp-content\/uploads\/2025\/11\/IMG_5701-1024x768.jpg\" alt=\"\" class=\"wp-image-3454\" srcset=\"https:\/\/www.hsgmh.de\/wp-content\/uploads\/2025\/11\/IMG_5701-1024x768.jpg 1024w, https:\/\/www.hsgmh.de\/wp-content\/uploads\/2025\/11\/IMG_5701-300x225.jpg 300w, https:\/\/www.hsgmh.de\/wp-content\/uploads\/2025\/11\/IMG_5701-768x576.jpg 768w, https:\/\/www.hsgmh.de\/wp-content\/uploads\/2025\/11\/IMG_5701-1536x1152.jpg 1536w, https:\/\/www.hsgmh.de\/wp-content\/uploads\/2025\/11\/IMG_5701-2048x1536.jpg 2048w\" sizes=\"auto, (max-width: 1024px) 100vw, 1024px\" \/><\/figure>\n\n\n<p>Unsere Allerkleinsten Handballer sind die Mini-Minis, die ab einem Alter von 4 Jahren mit dem Training beginnen k\u00f6nnen. Die Trainerin Gudrun Schnelle leitet die \u00dcbungsstunden mit viel Engagement und versucht den Kindern die Grundelemente des Handballs, das Prellen, Fangen und Werfen beizubringen. Damit die Kids keine Angst vor dem Ball bekommen werden Softb\u00e4lle und spezielle Kinderhandb\u00e4lle, aber auch andere Ballsorten verschiedener Gr\u00f6\u00dfen verwendet. Zudem werden, zumeist mit einem Parcours, allgemeine Bewegungsabl\u00e4ufe, z. Bsp. Springen, Laufen, Balancieren geschult, um Koordination, Beweglichkeit und Gleichgewichtssinn weiter zu entwickeln. Der Ball als Spielger\u00e4t steht nat\u00fcrlich im Mittelpunkt.<\/p>\n\n\n<h2 class=\"wp-block-heading\">Training<\/h2>\n\n\n\n<p>Mi. 16:00 &#8211; 17:00 <a href=\"https:\/\/maps.app.goo.gl\/PjN5TK8nMzMQKRQD8\" data-type=\"link\" data-id=\"https:\/\/maps.app.goo.gl\/PjN5TK8nMzMQKRQD8\">Fl\u00f6rsheim (Riedschule)<\/a><\/p>\n\n\n\n<p><strong>Kontakt:<\/strong><br>Trainer: Gudrun Schnelle<br>Email: gschnelle@web.de<\/p>\n\n\n\n<p><\/p>\n","protected":false},"excerpt":{"rendered":"<p>Unsere Allerkleinsten Handballer sind die Mini-Minis, die ab einem Alter von 4 Jahren mit dem Training beginnen k\u00f6nnen. Die Trainerin Gudrun Schnelle leitet die \u00dcbungsstunden mit viel Engagement und versucht den Kindern die Grundelemente des Handballs, das Prellen, Fangen und Werfen beizubringen. Damit die Kids keine Angst vor dem Ball bekommen werden Softb\u00e4lle und spezielle [&hellip;]<\/p>\n","protected":false},"author":1,"featured_media":0,"parent":0,"menu_order":0,"comment_status":"closed","ping_status":"closed","template":"template-fullwidth.php","meta":{"footnotes":""},"class_list":["post-1429","page","type-page","status-publish","hentry"],"_links":{"self":[{"href":"https:\/\/www.hsgmh.de\/index.php?rest_route=\/wp\/v2\/pages\/1429","targetHints":{"allow":["GET"]}}],"collection":[{"href":"https:\/\/www.hsgmh.de\/index.php?rest_route=\/wp\/v2\/pages"}],"about":[{"href":"https:\/\/www.hsgmh.de\/index.php?rest_route=\/wp\/v2\/types\/page"}],"author":[{"embeddable":true,"href":"https:\/\/www.hsgmh.de\/index.php?rest_route=\/wp\/v2\/users\/1"}],"replies":[{"embeddable":true,"href":"https:\/\/www.hsgmh.de\/index.php?rest_route=%2Fwp%2Fv2%2Fcomments&post=1429"}],"version-history":[{"count":12,"href":"https:\/\/www.hsgmh.de\/index.php?rest_route=\/wp\/v2\/pages\/1429\/revisions"}],"predecessor-version":[{"id":3455,"href":"https:\/\/www.hsgmh.de\/index.php?rest_route=\/wp\/v2\/pages\/1429\/revisions\/3455"}],"wp:attachment":[{"href":"https:\/\/www.hsgmh.de\/index.php?rest_route=%2Fwp%2Fv2%2Fmedia&parent=1429"}],"curies":[{"name":"wp","href":"https:\/\/api.w.org\/{rel}","templated":true}]}}