{"id":129,"date":"2015-07-29T21:08:11","date_gmt":"2015-07-29T19:08:11","guid":{"rendered":"http:\/\/hsgmh.de\/?page_id=129"},"modified":"2025-07-03T15:43:48","modified_gmt":"2025-07-03T13:43:48","slug":"minis-2","status":"publish","type":"page","link":"https:\/\/www.hsgmh.de\/?page_id=129","title":{"rendered":"G-Jugend (Jg. 2019)"},"content":{"rendered":"\n<figure class=\"wp-block-image size-large\"><img loading=\"lazy\" decoding=\"async\" width=\"1024\" height=\"765\" src=\"https:\/\/www.hsgmh.de\/wp-content\/uploads\/2024\/10\/IMG_2925_VSCO-1024x765.jpg\" alt=\"\" class=\"wp-image-3193\" srcset=\"https:\/\/www.hsgmh.de\/wp-content\/uploads\/2024\/10\/IMG_2925_VSCO-1024x765.jpg 1024w, https:\/\/www.hsgmh.de\/wp-content\/uploads\/2024\/10\/IMG_2925_VSCO-300x224.jpg 300w, https:\/\/www.hsgmh.de\/wp-content\/uploads\/2024\/10\/IMG_2925_VSCO-768x574.jpg 768w, https:\/\/www.hsgmh.de\/wp-content\/uploads\/2024\/10\/IMG_2925_VSCO-1536x1148.jpg 1536w, https:\/\/www.hsgmh.de\/wp-content\/uploads\/2024\/10\/IMG_2925_VSCO-2048x1531.jpg 2048w\" sizes=\"auto, (max-width: 1024px) 100vw, 1024px\" \/><\/figure>\n\n\n<ul class=\"wp-block-latest-posts__list is-grid columns-3 has-dates wp-block-latest-posts\"><li><a class=\"wp-block-latest-posts__post-title\" href=\"https:\/\/www.hsgmh.de\/?p=2212\">Minihandball: Gro\u00dfer Spa\u00df bei den Minispielfesten in Fl\u00f6rsheim mit dem Thema Afrika<\/a><time datetime=\"2020-03-11T12:47:37+01:00\" class=\"wp-block-latest-posts__post-date\">11 M\u00e4rz, 2020<\/time><\/li>\n<li><a class=\"wp-block-latest-posts__post-title\" href=\"https:\/\/www.hsgmh.de\/?p=2183\">G-Jgd.: Spielfestbesuch bei der TSG Eddersheim<\/a><time datetime=\"2020-02-18T15:23:08+01:00\" class=\"wp-block-latest-posts__post-date\">18 Februar, 2020<\/time><\/li>\n<li><a class=\"wp-block-latest-posts__post-title\" href=\"https:\/\/www.hsgmh.de\/?p=1529\">Mini 2: Spielfest der G-Jugend in Kriftel<\/a><time datetime=\"2019-04-02T21:45:36+02:00\" class=\"wp-block-latest-posts__post-date\">2 April, 2019<\/time><\/li>\n<li><a class=\"wp-block-latest-posts__post-title\" href=\"https:\/\/www.hsgmh.de\/?p=1481\">HSG MainHandball-Minis: Spielfeste der G- u. F-Jugend unter dem Motto \u201eWilder Westen\u201c<\/a><time datetime=\"2019-02-19T20:52:01+01:00\" class=\"wp-block-latest-posts__post-date\">19 Februar, 2019<\/time><\/li>\n<li><a class=\"wp-block-latest-posts__post-title\" href=\"https:\/\/www.hsgmh.de\/?p=1364\">Mini 2: Zweites Spielfest<\/a><time datetime=\"2018-10-25T23:19:37+02:00\" class=\"wp-block-latest-posts__post-date\">25 Oktober, 2018<\/time><\/li>\n<\/ul>\n\n\n\n\n<h2 class=\"wp-block-heading\">Training<\/h2>\n\n\n\n<p>Mi. 17:00 &#8211; 18:00 <a href=\"https:\/\/maps.app.goo.gl\/tEnZ26iWiFD7Gsdh6\" target=\"_blank\" rel=\"noreferrer noopener\">Fl\u00f6rsheim<\/a><\/p>\n\n\n\n<p><strong>Kontakt:<\/strong><br>Trainer: Brian Gericke und Reyhana Boujana<br>Email: <a href=\"mailto:briangericke@web.de\">briangericke@web.de<\/a><\/p>\n","protected":false},"excerpt":{"rendered":"<p>Training Mi. 17:00 &#8211; 18:00 Fl\u00f6rsheim Kontakt:Trainer: Brian Gericke und Reyhana BoujanaEmail: briangericke@web.de<\/p>\n","protected":false},"author":1,"featured_media":0,"parent":0,"menu_order":0,"comment_status":"closed","ping_status":"closed","template":"template-fullwidth.php","meta":{"footnotes":""},"class_list":["post-129","page","type-page","status-publish","hentry"],"_links":{"self":[{"href":"https:\/\/www.hsgmh.de\/index.php?rest_route=\/wp\/v2\/pages\/129","targetHints":{"allow":["GET"]}}],"collection":[{"href":"https:\/\/www.hsgmh.de\/index.php?rest_route=\/wp\/v2\/pages"}],"about":[{"href":"https:\/\/www.hsgmh.de\/index.php?rest_route=\/wp\/v2\/types\/page"}],"author":[{"embeddable":true,"href":"https:\/\/www.hsgmh.de\/index.php?rest_route=\/wp\/v2\/users\/1"}],"replies":[{"embeddable":true,"href":"https:\/\/www.hsgmh.de\/index.php?rest_route=%2Fwp%2Fv2%2Fcomments&post=129"}],"version-history":[{"count":11,"href":"https:\/\/www.hsgmh.de\/index.php?rest_route=\/wp\/v2\/pages\/129\/revisions"}],"predecessor-version":[{"id":3347,"href":"https:\/\/www.hsgmh.de\/index.php?rest_route=\/wp\/v2\/pages\/129\/revisions\/3347"}],"wp:attachment":[{"href":"https:\/\/www.hsgmh.de\/index.php?rest_route=%2Fwp%2Fv2%2Fmedia&parent=129"}],"curies":[{"name":"wp","href":"https:\/\/api.w.org\/{rel}","templated":true}]}}