{"id":127,"date":"2015-07-29T21:07:58","date_gmt":"2015-07-29T19:07:58","guid":{"rendered":"http:\/\/hsgmh.de\/?page_id=127"},"modified":"2025-07-03T15:44:08","modified_gmt":"2025-07-03T13:44:08","slug":"minis-1","status":"publish","type":"page","link":"https:\/\/www.hsgmh.de\/?page_id=127","title":{"rendered":"F-Jugend 1 (Jg. 2017\/2018)"},"content":{"rendered":"\n<figure class=\"wp-block-image size-large\"><img loading=\"lazy\" decoding=\"async\" width=\"1024\" height=\"661\" src=\"https:\/\/www.hsgmh.de\/wp-content\/uploads\/2024\/10\/IMG_2926_VSCO-1024x661.jpg\" alt=\"\" class=\"wp-image-3195\" srcset=\"https:\/\/www.hsgmh.de\/wp-content\/uploads\/2024\/10\/IMG_2926_VSCO-1024x661.jpg 1024w, https:\/\/www.hsgmh.de\/wp-content\/uploads\/2024\/10\/IMG_2926_VSCO-300x194.jpg 300w, https:\/\/www.hsgmh.de\/wp-content\/uploads\/2024\/10\/IMG_2926_VSCO-768x496.jpg 768w, https:\/\/www.hsgmh.de\/wp-content\/uploads\/2024\/10\/IMG_2926_VSCO-1536x991.jpg 1536w, https:\/\/www.hsgmh.de\/wp-content\/uploads\/2024\/10\/IMG_2926_VSCO-2048x1322.jpg 2048w\" sizes=\"auto, (max-width: 1024px) 100vw, 1024px\" \/><\/figure>\n\n\n<ul class=\"wp-block-latest-posts__list is-grid columns-3 has-dates wp-block-latest-posts\"><li><a class=\"wp-block-latest-posts__post-title\" href=\"https:\/\/www.hsgmh.de\/?p=3438\">Handballspielefest der F-Jugend in Eltville<\/a><time datetime=\"2025-10-02T17:17:15+02:00\" class=\"wp-block-latest-posts__post-date\">2 Oktober, 2025<\/time><\/li>\n<li><a class=\"wp-block-latest-posts__post-title\" href=\"https:\/\/www.hsgmh.de\/?p=2672\">HSG MainHandball-Minis: 1. Spielfestbesuch der G-Minis bei der TSG Eddersheim<\/a><time datetime=\"2022-03-30T20:49:29+02:00\" class=\"wp-block-latest-posts__post-date\">30 M\u00e4rz, 2022<\/time><\/li>\n<li><a class=\"wp-block-latest-posts__post-title\" href=\"https:\/\/www.hsgmh.de\/?p=2216\">F-Jugend: Gutes und erfolgreiches Spielfest<\/a><time datetime=\"2020-03-11T12:49:02+01:00\" class=\"wp-block-latest-posts__post-date\">11 M\u00e4rz, 2020<\/time><\/li>\n<li><a class=\"wp-block-latest-posts__post-title\" href=\"https:\/\/www.hsgmh.de\/?p=2212\">Minihandball: Gro\u00dfer Spa\u00df bei den Minispielfesten in Fl\u00f6rsheim mit dem Thema Afrika<\/a><time datetime=\"2020-03-11T12:47:37+01:00\" class=\"wp-block-latest-posts__post-date\">11 M\u00e4rz, 2020<\/time><\/li>\n<li><a class=\"wp-block-latest-posts__post-title\" href=\"https:\/\/www.hsgmh.de\/?p=1481\">HSG MainHandball-Minis: Spielfeste der G- u. F-Jugend unter dem Motto \u201eWilder Westen\u201c<\/a><time datetime=\"2019-02-19T20:52:01+01:00\" class=\"wp-block-latest-posts__post-date\">19 Februar, 2019<\/time><\/li>\n<\/ul>\n\n\nBitte direkt auf NuLiga schauen.\n\n\n\n<h2 class=\"wp-block-heading\">Training<\/h2>\n\n\n\n<p>Mi. 17:00 &#8211; 18:30 <a href=\"https:\/\/maps.app.goo.gl\/tEnZ26iWiFD7Gsdh6\" data-type=\"link\" data-id=\"https:\/\/goo.gl\/maps\/cfABQgd1fkzDyp7j9\">Fl\u00f6rsheim<\/a><\/p>\n\n\n\n<p><strong>Kontakt:<\/strong><br>Trainer: Lavinia Gericke, Julia Kiedrowski und Ronja Eckert<br>Email: <a href=\"mailto:phoebe.dee@gmx.de\">phoebe.dee@gmx.de<\/a><\/p>\n","protected":false},"excerpt":{"rendered":"<p>Bitte direkt auf NuLiga schauen. Training Mi. 17:00 &#8211; 18:30 Fl\u00f6rsheim Kontakt:Trainer: Lavinia Gericke, Julia Kiedrowski und Ronja EckertEmail: phoebe.dee@gmx.de<\/p>\n","protected":false},"author":1,"featured_media":0,"parent":0,"menu_order":0,"comment_status":"closed","ping_status":"closed","template":"template-fullwidth.php","meta":{"footnotes":""},"class_list":["post-127","page","type-page","status-publish","hentry"],"_links":{"self":[{"href":"https:\/\/www.hsgmh.de\/index.php?rest_route=\/wp\/v2\/pages\/127","targetHints":{"allow":["GET"]}}],"collection":[{"href":"https:\/\/www.hsgmh.de\/index.php?rest_route=\/wp\/v2\/pages"}],"about":[{"href":"https:\/\/www.hsgmh.de\/index.php?rest_route=\/wp\/v2\/types\/page"}],"author":[{"embeddable":true,"href":"https:\/\/www.hsgmh.de\/index.php?rest_route=\/wp\/v2\/users\/1"}],"replies":[{"embeddable":true,"href":"https:\/\/www.hsgmh.de\/index.php?rest_route=%2Fwp%2Fv2%2Fcomments&post=127"}],"version-history":[{"count":22,"href":"https:\/\/www.hsgmh.de\/index.php?rest_route=\/wp\/v2\/pages\/127\/revisions"}],"predecessor-version":[{"id":3348,"href":"https:\/\/www.hsgmh.de\/index.php?rest_route=\/wp\/v2\/pages\/127\/revisions\/3348"}],"wp:attachment":[{"href":"https:\/\/www.hsgmh.de\/index.php?rest_route=%2Fwp%2Fv2%2Fmedia&parent=127"}],"curies":[{"name":"wp","href":"https:\/\/api.w.org\/{rel}","templated":true}]}}