{"id":125,"date":"2015-07-29T21:07:38","date_gmt":"2015-07-29T19:07:38","guid":{"rendered":"http:\/\/hsgmh.de\/?page_id=125"},"modified":"2025-08-25T18:42:12","modified_gmt":"2025-08-25T16:42:12","slug":"e-jugend-weiblich","status":"publish","type":"page","link":"https:\/\/www.hsgmh.de\/?page_id=125","title":{"rendered":"E-Jugend weiblich (Jg. 2015\/2016)"},"content":{"rendered":"\n<figure class=\"wp-block-image size-large\"><img loading=\"lazy\" decoding=\"async\" width=\"1024\" height=\"839\" src=\"https:\/\/www.hsgmh.de\/wp-content\/uploads\/2024\/09\/WhatsApp-Image-2024-09-14-at-08.25.11-1024x839.jpeg\" alt=\"\" class=\"wp-image-3186\" srcset=\"https:\/\/www.hsgmh.de\/wp-content\/uploads\/2024\/09\/WhatsApp-Image-2024-09-14-at-08.25.11-1024x839.jpeg 1024w, https:\/\/www.hsgmh.de\/wp-content\/uploads\/2024\/09\/WhatsApp-Image-2024-09-14-at-08.25.11-300x246.jpeg 300w, https:\/\/www.hsgmh.de\/wp-content\/uploads\/2024\/09\/WhatsApp-Image-2024-09-14-at-08.25.11-768x629.jpeg 768w, https:\/\/www.hsgmh.de\/wp-content\/uploads\/2024\/09\/WhatsApp-Image-2024-09-14-at-08.25.11-1536x1259.jpeg 1536w, https:\/\/www.hsgmh.de\/wp-content\/uploads\/2024\/09\/WhatsApp-Image-2024-09-14-at-08.25.11.jpeg 2048w\" sizes=\"auto, (max-width: 1024px) 100vw, 1024px\" \/><\/figure>\n\n\n<ul class=\"wp-block-latest-posts__list is-grid columns-3 wp-block-latest-posts\"><li><a class=\"wp-block-latest-posts__post-title\" href=\"https:\/\/www.hsgmh.de\/?p=3564\">w. E-Jgd.\u00a0JSG Kastel\/BIK Wiesbaden\u00a0 &#8211;\u00a0 HSG MainHandball\u00a0 0:2 (144: 66\/18:11)<\/a><\/li>\n<li><a class=\"wp-block-latest-posts__post-title\" href=\"https:\/\/www.hsgmh.de\/?p=3549\">w. E-Jgd.\u00a0\u00a0TSG M\u00fcnster 2 \u2013 HSG MainHandball\u00a0 2:0 (13:9\/78:45)<\/a><\/li>\n<li><a class=\"wp-block-latest-posts__post-title\" href=\"https:\/\/www.hsgmh.de\/?p=3540\">w. E-Jgd.\u00a0Eintracht Frankfurt 2 \u2013 HSG MainHandball\u00a0 2:0 (248:3\/31:3)<\/a><\/li>\n<li><a class=\"wp-block-latest-posts__post-title\" href=\"https:\/\/www.hsgmh.de\/?p=3538\">w. E-Jgd. Eintracht Frankfurt 2 \u2013 HSG MainHandball\u00a02:0 (248:3\/31:3)<\/a><\/li>\n<li><a class=\"wp-block-latest-posts__post-title\" href=\"https:\/\/www.hsgmh.de\/?p=3511\">w. E-Jgd.\u00a0\u00a0HSG MainHandball\u00a0\u00a0&#8211;\u00a0HSG Vordertaunus\u00a0\u00a02:0 (50:24\/10:8)<\/a><\/li>\n<\/ul>\n\n\n<h2 class=\"wp-block-heading\">Informationen zum Spiel<\/h2>\n\n\n\n<div class=\"wp-block-file\"><a id=\"wp-block-file--media-10a292e7-48b2-4605-a37e-b8ff7a8107a9\" href=\"https:\/\/www.hsgmh.de\/wp-content\/uploads\/2019\/09\/Flyer_Wettkampfstruktur_E_JUGEND.pdf\">Flyer_Wettkampfstruktur_E_JUGEND.pdf<\/a><a href=\"https:\/\/www.hsgmh.de\/wp-content\/uploads\/2019\/09\/Flyer_Wettkampfstruktur_E_JUGEND.pdf\" class=\"wp-block-file__button wp-element-button\" download aria-describedby=\"wp-block-file--media-10a292e7-48b2-4605-a37e-b8ff7a8107a9\">Herunterladen<\/a><\/div>\n\n\n\n<h2 class=\"wp-block-heading\">Spielplan und Tabelle<\/h2>\n\n\n\n<div class=\"srsTab\" srsurl=\"https:\/\/hhv-handball.liga.nu\/cgi-bin\/WebObjects\/nuLigaHBDE.woa\/wa\/groupPage?championship=Wiesbaden-Frankfurt+25%2F26&#038;group=421833\" srsverein=\"HSG MainHandball\" srsauchspiele=\"1\"><\/div>\n<div class=\"srsPlan\" srsurl=\"https:\/\/hhv-handball.liga.nu\/cgi-bin\/WebObjects\/nuLigaHBDE.woa\/wa\/groupPage?championship=Wiesbaden-Frankfurt+25%2F26&#038;group=421833\" srsverein=\"HSG MainHandball\"><\/div>\n<a href=\"https:\/\/hhv-handball.liga.nu\/cgi-bin\/WebObjects\/nuLigaHBDE.woa\/wa\/getTeamMeetingsWebcal?teamid=1593834&#038;token=m9h2hXRcqxk%3D\">Zum Kalender hinzuf\u00fcgen<\/a> (statisch, zum herunterladen)<br>\n<a href=\"webcal:\/\/hhv-handball.liga.nu\/cgi-bin\/WebObjects\/nuLigaHBDE.woa\/wa\/getTeamMeetingsWebcal?teamid=1593834&#038;token=m9h2hXRcqxk%3D\">Zum eiPhone Kalender hinzuf\u00fcgen<\/a> (aktualisiert sich automatisch)<br><br>\n\n\n\n<h2 class=\"wp-block-heading\">Training<\/h2>\n\n\n\n<p>Di. 17:00 &#8211; 18:30 <a href=\"https:\/\/maps.app.goo.gl\/tEnZ26iWiFD7Gsdh6\" target=\"_blank\" rel=\"noreferrer noopener\">Fl\u00f6rsheim<\/a><br>Mi. 17:00 &#8211; 18:30 <a href=\"https:\/\/goo.gl\/maps\/f5TFppsNpa6Lm21Y8\" data-type=\"link\" data-id=\"https:\/\/goo.gl\/maps\/f5TFppsNpa6Lm21Y8\">Raunheim<\/a><\/p>\n\n\n\n<p><strong>Kontakt:<\/strong><br>Andrea Gericke<br>Email: <a href=\"mailto:friedhofsgaertnerei.theis@t-online.de\">friedhofsgaertnerei.theis@t-online.de<\/a><br>Tanja Hechler<\/p>\n","protected":false},"excerpt":{"rendered":"<p>Informationen zum Spiel Spielplan und Tabelle Zum Kalender hinzuf\u00fcgen (statisch, zum herunterladen) Zum eiPhone Kalender hinzuf\u00fcgen (aktualisiert sich automatisch) Training Di. 17:00 &#8211; 18:30 Fl\u00f6rsheimMi. 17:00 &#8211; 18:30 Raunheim Kontakt:Andrea GerickeEmail: friedhofsgaertnerei.theis@t-online.deTanja Hechler<\/p>\n","protected":false},"author":1,"featured_media":0,"parent":0,"menu_order":0,"comment_status":"closed","ping_status":"closed","template":"template-fullwidth.php","meta":{"footnotes":""},"class_list":["post-125","page","type-page","status-publish","hentry"],"_links":{"self":[{"href":"https:\/\/www.hsgmh.de\/index.php?rest_route=\/wp\/v2\/pages\/125","targetHints":{"allow":["GET"]}}],"collection":[{"href":"https:\/\/www.hsgmh.de\/index.php?rest_route=\/wp\/v2\/pages"}],"about":[{"href":"https:\/\/www.hsgmh.de\/index.php?rest_route=\/wp\/v2\/types\/page"}],"author":[{"embeddable":true,"href":"https:\/\/www.hsgmh.de\/index.php?rest_route=\/wp\/v2\/users\/1"}],"replies":[{"embeddable":true,"href":"https:\/\/www.hsgmh.de\/index.php?rest_route=%2Fwp%2Fv2%2Fcomments&post=125"}],"version-history":[{"count":17,"href":"https:\/\/www.hsgmh.de\/index.php?rest_route=\/wp\/v2\/pages\/125\/revisions"}],"predecessor-version":[{"id":3405,"href":"https:\/\/www.hsgmh.de\/index.php?rest_route=\/wp\/v2\/pages\/125\/revisions\/3405"}],"wp:attachment":[{"href":"https:\/\/www.hsgmh.de\/index.php?rest_route=%2Fwp%2Fv2%2Fmedia&parent=125"}],"curies":[{"name":"wp","href":"https:\/\/api.w.org\/{rel}","templated":true}]}}