{"id":123,"date":"2015-07-29T21:07:23","date_gmt":"2015-07-29T19:07:23","guid":{"rendered":"http:\/\/hsgmh.de\/?page_id=123"},"modified":"2025-08-25T18:39:38","modified_gmt":"2025-08-25T16:39:38","slug":"e-jugend-maennlich","status":"publish","type":"page","link":"https:\/\/www.hsgmh.de\/?page_id=123","title":{"rendered":"E-Jugend m\u00e4nnlich (Jg. 2015\/2016)"},"content":{"rendered":"\n<figure class=\"wp-block-image size-large\"><img loading=\"lazy\" decoding=\"async\" width=\"1024\" height=\"696\" src=\"https:\/\/www.hsgmh.de\/wp-content\/uploads\/2024\/09\/WhatsApp-Image-2024-09-14-at-08.24.22-1024x696.jpeg\" alt=\"\" class=\"wp-image-3183\" srcset=\"https:\/\/www.hsgmh.de\/wp-content\/uploads\/2024\/09\/WhatsApp-Image-2024-09-14-at-08.24.22-1024x696.jpeg 1024w, https:\/\/www.hsgmh.de\/wp-content\/uploads\/2024\/09\/WhatsApp-Image-2024-09-14-at-08.24.22-300x204.jpeg 300w, https:\/\/www.hsgmh.de\/wp-content\/uploads\/2024\/09\/WhatsApp-Image-2024-09-14-at-08.24.22-768x522.jpeg 768w, https:\/\/www.hsgmh.de\/wp-content\/uploads\/2024\/09\/WhatsApp-Image-2024-09-14-at-08.24.22-1536x1044.jpeg 1536w, https:\/\/www.hsgmh.de\/wp-content\/uploads\/2024\/09\/WhatsApp-Image-2024-09-14-at-08.24.22.jpeg 2048w\" sizes=\"auto, (max-width: 1024px) 100vw, 1024px\" \/><\/figure>\n\n\n<ul class=\"wp-block-latest-posts__list is-grid columns-3 has-dates wp-block-latest-posts\"><li><a class=\"wp-block-latest-posts__post-title\" href=\"https:\/\/www.hsgmh.de\/?p=3562\">m. E-Jgd.\u00a0TG Kastel \u2013 HSG MainHandball\u00a0 2:0 (168:144\/21:18)<\/a><time datetime=\"2026-03-27T11:34:58+01:00\" class=\"wp-block-latest-posts__post-date\">27 M\u00e4rz, 2026<\/time><\/li>\n<li><a class=\"wp-block-latest-posts__post-title\" href=\"https:\/\/www.hsgmh.de\/?p=3513\">m. E-Jgd.\u00a0\u00a0HSG MainHandball &#8211;\u00a0JSG Niederhofh.\/Sulzbach\u00a0\u00a02:0\u00a0\u00a0(15:9\/105:36)<\/a><time datetime=\"2026-02-26T14:01:31+01:00\" class=\"wp-block-latest-posts__post-date\">26 Februar, 2026<\/time><\/li>\n<li><a class=\"wp-block-latest-posts__post-title\" href=\"https:\/\/www.hsgmh.de\/?p=3487\">m. E-Jgd: HSG Goldstein\/Schwanheim 2\u00a0 &#8211;\u00a0 HSG MainHandball\u00a0\u00a00:5 ( 9:16\/45:128)<\/a><time datetime=\"2026-01-25T19:50:14+01:00\" class=\"wp-block-latest-posts__post-date\">25 Januar, 2026<\/time><\/li>\n<li><a class=\"wp-block-latest-posts__post-title\" href=\"https:\/\/www.hsgmh.de\/?p=3472\">m. E-Jgd.\u00a0\u00a0JSG Niederhofheim\/Sulzbach  &#8211;  HSG MainHandball\u00a0\u00a0\u00a0\u00a00:5 (6:25\/12:300)<\/a><time datetime=\"2025-11-19T18:25:35+01:00\" class=\"wp-block-latest-posts__post-date\">19 November, 2025<\/time><\/li>\n<li><a class=\"wp-block-latest-posts__post-title\" href=\"https:\/\/www.hsgmh.de\/?p=3433\">m. E-Jgd.\u00a0HSG MainHandball\u00a0&#8211; HSG Goldstein\/Schwanheim 2\u00a0\u00a00:2\u00a0(11:14, 66:84)<\/a><time datetime=\"2025-09-24T14:28:14+02:00\" class=\"wp-block-latest-posts__post-date\">24 September, 2025<\/time><\/li>\n<\/ul>\n\n\n<h2 class=\"wp-block-heading\">Informationen zum Spiel<\/h2>\n\n\n\n<div class=\"wp-block-file\"><a id=\"wp-block-file--media-565794af-d8e4-4cba-8ff1-c784bf3fdd3a\" href=\"https:\/\/www.hsgmh.de\/wp-content\/uploads\/2019\/09\/Flyer_Wettkampfstruktur_E_JUGEND.pdf\">Flyer_Wettkampfstruktur_E_JUGEND.pdf<\/a><a href=\"https:\/\/www.hsgmh.de\/wp-content\/uploads\/2019\/09\/Flyer_Wettkampfstruktur_E_JUGEND.pdf\" class=\"wp-block-file__button wp-element-button\" download aria-describedby=\"wp-block-file--media-565794af-d8e4-4cba-8ff1-c784bf3fdd3a\">Herunterladen<\/a><\/div>\n\n\n\n<h2 class=\"wp-block-heading\">Spielplan und Tabelle<\/h2>\n\n\n\n<div class=\"srsTab\" srsurl=\"https:\/\/hhv-handball.liga.nu\/cgi-bin\/WebObjects\/nuLigaHBDE.woa\/wa\/groupPage?championship=Wiesbaden-Frankfurt+25%2F26&#038;group=421413\" srsverein=\"HSG MainHandball\" srsauchspiele=\"1\"><\/div>\n<div class=\"srsPlan\" srsurl=\"https:\/\/hhv-handball.liga.nu\/cgi-bin\/WebObjects\/nuLigaHBDE.woa\/wa\/groupPage?championship=Wiesbaden-Frankfurt+25%2F26&#038;group=421413\" srsverein=\"HSG MainHandball\"><\/div>\n<a href=\"https:\/\/hhv-handball.liga.nu\/cgi-bin\/WebObjects\/nuLigaHBDE.woa\/wa\/getTeamMeetingsWebcal?teamid=1593839&#038;token=rjduHNfsj6I%3D\">Zum Kalender hinzuf\u00fcgen<\/a> (statisch, zum herunterladen)<br>\n<a href=\"webcal:\/\/hhv-handball.liga.nu\/cgi-bin\/WebObjects\/nuLigaHBDE.woa\/wa\/getTeamMeetingsWebcal?teamid=1593839&#038;token=rjduHNfsj6I%3D\">Zum eiPhone Kalender hinzuf\u00fcgen<\/a> (aktualisiert sich automatisch)<br><br>\n\n\n\n<h2 class=\"wp-block-heading\">Training<\/h2>\n\n\n\n<p>Di. 17:00 &#8211; 18:30 <a href=\"https:\/\/maps.app.goo.gl\/tEnZ26iWiFD7Gsdh6\" target=\"_blank\" rel=\"noreferrer noopener\">Fl\u00f6rsheim<\/a><a aria-label=\"Raunheim (opens in a new tab)\" href=\"https:\/\/goo.gl\/maps\/dv8n1pvH8P62gcDx8\" target=\"_blank\" rel=\"noreferrer noopener\"><\/a><br>Mi. 17:00 &#8211; 18:30 <a aria-label=\"Raunheim (opens in a new tab)\" href=\"https:\/\/goo.gl\/maps\/dv8n1pvH8P62gcDx8\" target=\"_blank\" rel=\"noreferrer noopener\"><\/a><a href=\"https:\/\/goo.gl\/maps\/a9Hq4dDG1E6XEkUSA\" target=\"_blank\" rel=\"noreferrer noopener\">Kelsterbach<\/a><\/p>\n\n\n\n<p><strong>Kontakt:<\/strong><br>Trainer: Henrik Redlich, Rania Aarab, Uwe Schneider und Olaf Pimper<br>Email: <a href=\"mailto:Henrik21012000@gmail.com\">Henrik21012000@gmail.com<\/a><\/p>\n","protected":false},"excerpt":{"rendered":"<p>Informationen zum Spiel Spielplan und Tabelle Zum Kalender hinzuf\u00fcgen (statisch, zum herunterladen) Zum eiPhone Kalender hinzuf\u00fcgen (aktualisiert sich automatisch) Training Di. 17:00 &#8211; 18:30 Fl\u00f6rsheimMi. 17:00 &#8211; 18:30 Kelsterbach Kontakt:Trainer: Henrik Redlich, Rania Aarab, Uwe Schneider und Olaf PimperEmail: Henrik21012000@gmail.com<\/p>\n","protected":false},"author":1,"featured_media":0,"parent":0,"menu_order":0,"comment_status":"closed","ping_status":"closed","template":"template-fullwidth.php","meta":{"footnotes":""},"class_list":["post-123","page","type-page","status-publish","hentry"],"_links":{"self":[{"href":"https:\/\/www.hsgmh.de\/index.php?rest_route=\/wp\/v2\/pages\/123","targetHints":{"allow":["GET"]}}],"collection":[{"href":"https:\/\/www.hsgmh.de\/index.php?rest_route=\/wp\/v2\/pages"}],"about":[{"href":"https:\/\/www.hsgmh.de\/index.php?rest_route=\/wp\/v2\/types\/page"}],"author":[{"embeddable":true,"href":"https:\/\/www.hsgmh.de\/index.php?rest_route=\/wp\/v2\/users\/1"}],"replies":[{"embeddable":true,"href":"https:\/\/www.hsgmh.de\/index.php?rest_route=%2Fwp%2Fv2%2Fcomments&post=123"}],"version-history":[{"count":18,"href":"https:\/\/www.hsgmh.de\/index.php?rest_route=\/wp\/v2\/pages\/123\/revisions"}],"predecessor-version":[{"id":3404,"href":"https:\/\/www.hsgmh.de\/index.php?rest_route=\/wp\/v2\/pages\/123\/revisions\/3404"}],"wp:attachment":[{"href":"https:\/\/www.hsgmh.de\/index.php?rest_route=%2Fwp%2Fv2%2Fmedia&parent=123"}],"curies":[{"name":"wp","href":"https:\/\/api.w.org\/{rel}","templated":true}]}}