{"id":117,"date":"2015-07-29T21:06:27","date_gmt":"2015-07-29T19:06:27","guid":{"rendered":"http:\/\/hsgmh.de\/?page_id=117"},"modified":"2025-08-25T18:38:41","modified_gmt":"2025-08-25T16:38:41","slug":"c-jugend-weiblich","status":"publish","type":"page","link":"https:\/\/www.hsgmh.de\/?page_id=117","title":{"rendered":"D-Jugend weiblich (Jg. 2014\/2013)"},"content":{"rendered":"\n<figure class=\"wp-block-image size-large\"><img loading=\"lazy\" decoding=\"async\" width=\"1024\" height=\"683\" src=\"https:\/\/www.hsgmh.de\/wp-content\/uploads\/2024\/09\/WhatsApp-Image-2024-09-14-at-08.24.36-1024x683.jpeg\" alt=\"\" class=\"wp-image-3181\" srcset=\"https:\/\/www.hsgmh.de\/wp-content\/uploads\/2024\/09\/WhatsApp-Image-2024-09-14-at-08.24.36-1024x683.jpeg 1024w, https:\/\/www.hsgmh.de\/wp-content\/uploads\/2024\/09\/WhatsApp-Image-2024-09-14-at-08.24.36-300x200.jpeg 300w, https:\/\/www.hsgmh.de\/wp-content\/uploads\/2024\/09\/WhatsApp-Image-2024-09-14-at-08.24.36-768x512.jpeg 768w, https:\/\/www.hsgmh.de\/wp-content\/uploads\/2024\/09\/WhatsApp-Image-2024-09-14-at-08.24.36-1536x1025.jpeg 1536w, https:\/\/www.hsgmh.de\/wp-content\/uploads\/2024\/09\/WhatsApp-Image-2024-09-14-at-08.24.36.jpeg 2048w\" sizes=\"auto, (max-width: 1024px) 100vw, 1024px\" \/><\/figure>\n\n\n<ul class=\"wp-block-latest-posts__list is-grid columns-3 has-dates wp-block-latest-posts\"><li><a class=\"wp-block-latest-posts__post-title\" href=\"https:\/\/www.hsgmh.de\/?p=3555\">w. D-Jgd.\u00a0\u00a0HSG MainHandball \u2013 SG Wehrh.\/Obernhain 2\u00a0 \u00a018:19 (8:8)<\/a><time datetime=\"2026-03-20T09:40:37+01:00\" class=\"wp-block-latest-posts__post-date\">20 M\u00e4rz, 2026<\/time><\/li>\n<li><a class=\"wp-block-latest-posts__post-title\" href=\"https:\/\/www.hsgmh.de\/?p=3507\">w. D Jgd. TuS Kriftel 2 &#8211; HSG MainHandball 22:11 (13:6)<\/a><time datetime=\"2026-02-12T15:19:44+01:00\" class=\"wp-block-latest-posts__post-date\">12 Februar, 2026<\/time><\/li>\n<li><a class=\"wp-block-latest-posts__post-title\" href=\"https:\/\/www.hsgmh.de\/?p=3492\">w. D-Jgd.:\u00a0HSG Goldstein\/Schwanheim 2\u00a0 &#8211;\u00a0HSG MainHandball\u00a0\u00a014:10 \u00a0(7:6)<\/a><time datetime=\"2026-01-25T19:53:44+01:00\" class=\"wp-block-latest-posts__post-date\">25 Januar, 2026<\/time><\/li>\n<li><a class=\"wp-block-latest-posts__post-title\" href=\"https:\/\/www.hsgmh.de\/?p=3477\">w. D-Jgd.\u00a0 HSG Wehrheim\/Obernhain 2  &#8211;  HSG MainHandball\u00a0 26:14\u00a0\u00a0(14:7)<\/a><time datetime=\"2025-12-04T15:59:19+01:00\" class=\"wp-block-latest-posts__post-date\">4 Dezember, 2025<\/time><\/li>\n<li><a class=\"wp-block-latest-posts__post-title\" href=\"https:\/\/www.hsgmh.de\/?p=3470\">w. D-Jgd.\u00a0\u00a0TSG M\u00fcnster 2  &#8211;  HSG MainHandball\u00a0\u00a0\u00a024: 7 (12:2)<\/a><time datetime=\"2025-11-19T18:24:22+01:00\" class=\"wp-block-latest-posts__post-date\">19 November, 2025<\/time><\/li>\n<\/ul>\n\n\n<div class=\"srsTab\" srsurl=\"https:\/\/hhv-handball.liga.nu\/cgi-bin\/WebObjects\/nuLigaHBDE.woa\/wa\/groupPage?championship=Wiesbaden-Frankfurt+25%2F26&#038;group=421413\" srsverein=\"HSG MainHandball\" srsauchspiele=\"1\"><\/div>\n<div class=\"srsPlan\" srsurl=\"https:\/\/hhv-handball.liga.nu\/cgi-bin\/WebObjects\/nuLigaHBDE.woa\/wa\/groupPage?championship=Wiesbaden-Frankfurt+25%2F26&#038;group=421413\" srsverein=\"HSG MainHandball\"><\/div>\n<a href=\"https:\/\/hhv-handball.liga.nu\/cgi-bin\/WebObjects\/nuLigaHBDE.woa\/wa\/getTeamMeetingsWebcal?teamid=1593836&#038;token=TDJzrl%2B8XbQ%3D\">Zum Kalender hinzuf\u00fcgen<\/a> (statisch, zum herunterladen)<br>\n<a href=\"webcal:\/\/hhv-handball.liga.nu\/cgi-bin\/WebObjects\/nuLigaHBDE.woa\/wa\/getTeamMeetingsWebcal?teamid=1593836&#038;token=TDJzrl%2B8XbQ%3D\">Zum eiPhone Kalender hinzuf\u00fcgen<\/a> (aktualisiert sich automatisch)<br><br>\n\n\n\n<h2 class=\"wp-block-heading\" id=\"block-9d565f84-b742-4449-8b6a-509705ccdc63\">Training<\/h2>\n\n\n\n<p id=\"block-f92ae0fc-7b10-46d0-8f51-dee2540471f7\">Di. 18:30 &#8211; 20:00 in <a href=\"https:\/\/maps.app.goo.gl\/tEnZ26iWiFD7Gsdh6\" data-type=\"link\" data-id=\"https:\/\/maps.app.goo.gl\/tEnZ26iWiFD7Gsdh6\" target=\"_blank\" rel=\"noreferrer noopener\">Fl\u00f6rsheim<\/a><br>Mi. 17:30 &#8211; 19:00 in <a href=\"https:\/\/goo.gl\/maps\/f5TFppsNpa6Lm21Y8\" target=\"_blank\" rel=\"noreferrer noopener\">Raunheim<\/a><\/p>\n\n\n\n<p id=\"block-78637a71-4557-4f91-8f47-c613f6c338fc\"><strong>Kontakt:<\/strong><br>Trainer: Michelle B\u00e4chler und Yannick Gericke<br>Email: <a href=\"mailto:michelle.baechler@t-online.de\">michelle.baechler@t-online.de<\/a><\/p>\n","protected":false},"excerpt":{"rendered":"<p>Zum Kalender hinzuf\u00fcgen (statisch, zum herunterladen) Zum eiPhone Kalender hinzuf\u00fcgen (aktualisiert sich automatisch) Training Di. 18:30 &#8211; 20:00 in Fl\u00f6rsheimMi. 17:30 &#8211; 19:00 in Raunheim Kontakt:Trainer: Michelle B\u00e4chler und Yannick GerickeEmail: michelle.baechler@t-online.de<\/p>\n","protected":false},"author":2,"featured_media":0,"parent":0,"menu_order":0,"comment_status":"closed","ping_status":"closed","template":"template-fullwidth.php","meta":{"footnotes":""},"class_list":["post-117","page","type-page","status-publish","hentry"],"_links":{"self":[{"href":"https:\/\/www.hsgmh.de\/index.php?rest_route=\/wp\/v2\/pages\/117","targetHints":{"allow":["GET"]}}],"collection":[{"href":"https:\/\/www.hsgmh.de\/index.php?rest_route=\/wp\/v2\/pages"}],"about":[{"href":"https:\/\/www.hsgmh.de\/index.php?rest_route=\/wp\/v2\/types\/page"}],"author":[{"embeddable":true,"href":"https:\/\/www.hsgmh.de\/index.php?rest_route=\/wp\/v2\/users\/2"}],"replies":[{"embeddable":true,"href":"https:\/\/www.hsgmh.de\/index.php?rest_route=%2Fwp%2Fv2%2Fcomments&post=117"}],"version-history":[{"count":13,"href":"https:\/\/www.hsgmh.de\/index.php?rest_route=\/wp\/v2\/pages\/117\/revisions"}],"predecessor-version":[{"id":3403,"href":"https:\/\/www.hsgmh.de\/index.php?rest_route=\/wp\/v2\/pages\/117\/revisions\/3403"}],"wp:attachment":[{"href":"https:\/\/www.hsgmh.de\/index.php?rest_route=%2Fwp%2Fv2%2Fmedia&parent=117"}],"curies":[{"name":"wp","href":"https:\/\/api.w.org\/{rel}","templated":true}]}}