{"id":115,"date":"2015-07-29T21:06:12","date_gmt":"2015-07-29T19:06:12","guid":{"rendered":"http:\/\/hsgmh.de\/?page_id=115"},"modified":"2025-08-25T18:34:28","modified_gmt":"2025-08-25T16:34:28","slug":"c-jugend-maennlich","status":"publish","type":"page","link":"https:\/\/www.hsgmh.de\/?page_id=115","title":{"rendered":"C-Jugend m\u00e4nnlich (Jg. 2012\/2011)"},"content":{"rendered":"\n<figure class=\"wp-block-image size-large is-resized\"><img loading=\"lazy\" decoding=\"async\" width=\"1024\" height=\"747\" src=\"https:\/\/www.hsgmh.de\/wp-content\/uploads\/2024\/09\/WhatsApp-Image-2024-09-14-at-08.25.01-1024x747.jpeg\" alt=\"\" class=\"wp-image-3177\" style=\"width:898px;height:auto\" srcset=\"https:\/\/www.hsgmh.de\/wp-content\/uploads\/2024\/09\/WhatsApp-Image-2024-09-14-at-08.25.01-1024x747.jpeg 1024w, https:\/\/www.hsgmh.de\/wp-content\/uploads\/2024\/09\/WhatsApp-Image-2024-09-14-at-08.25.01-300x219.jpeg 300w, https:\/\/www.hsgmh.de\/wp-content\/uploads\/2024\/09\/WhatsApp-Image-2024-09-14-at-08.25.01-768x560.jpeg 768w, https:\/\/www.hsgmh.de\/wp-content\/uploads\/2024\/09\/WhatsApp-Image-2024-09-14-at-08.25.01-1536x1121.jpeg 1536w, https:\/\/www.hsgmh.de\/wp-content\/uploads\/2024\/09\/WhatsApp-Image-2024-09-14-at-08.25.01.jpeg 2048w\" sizes=\"auto, (max-width: 1024px) 100vw, 1024px\" \/><\/figure>\n\n\n<ul class=\"wp-block-latest-posts__list is-grid columns-3 has-dates wp-block-latest-posts\"><li><a class=\"wp-block-latest-posts__post-title\" href=\"https:\/\/www.hsgmh.de\/?p=3557\">m. C-Jgd.\u00a0\u00a0HSG MainHandball \u2013 TG Kastel\u00a0 30:31\u00a0\u00a0\u00a0(16:14)<\/a><time datetime=\"2026-03-20T09:41:16+01:00\" class=\"wp-block-latest-posts__post-date\">20 M\u00e4rz, 2026<\/time><\/li>\n<li><a class=\"wp-block-latest-posts__post-title\" href=\"https:\/\/www.hsgmh.de\/?p=3536\">m. C-Jgd.:\u00a0 HSG MainHandball \u2013 TSG Eddersheim\u00a0 36:22 (18:11)<\/a><time datetime=\"2026-03-08T01:27:44+01:00\" class=\"wp-block-latest-posts__post-date\">8 M\u00e4rz, 2026<\/time><\/li>\n<li><a class=\"wp-block-latest-posts__post-title\" href=\"https:\/\/www.hsgmh.de\/?p=3505\">m. C-Jgd.\u00a0 JSG Schwarzbach 2\u00a0\u00a0&#8211;\u00a0 HSG MainHandball\u00a0\u00a045:29\u00a0 (26:15)<\/a><time datetime=\"2026-02-12T15:18:54+01:00\" class=\"wp-block-latest-posts__post-date\">12 Februar, 2026<\/time><\/li>\n<li><a class=\"wp-block-latest-posts__post-title\" href=\"https:\/\/www.hsgmh.de\/?p=3468\">m. C-Jgd. TSG Eddersheim 2  &#8211;  HSG MainHandball\u00a0\u00a021:28\u00a0 (10:13)<\/a><time datetime=\"2025-11-19T18:22:47+01:00\" class=\"wp-block-latest-posts__post-date\">19 November, 2025<\/time><\/li>\n<li><a class=\"wp-block-latest-posts__post-title\" href=\"https:\/\/www.hsgmh.de\/?p=3442\">m. C-Jgd. HSG MainHandball \u2013 TV Hattersheim \u00a026:34 (12:12)<\/a><time datetime=\"2025-10-02T17:19:20+02:00\" class=\"wp-block-latest-posts__post-date\">2 Oktober, 2025<\/time><\/li>\n<\/ul>\n\n\n<div class=\"srsTab\" srsurl=\"https:\/\/hhv-handball.liga.nu\/cgi-bin\/WebObjects\/nuLigaHBDE.woa\/wa\/groupPage?championship=Wiesbaden-Frankfurt+25%2F26&#038;group=443186\" srsverein=\"HSG MainHandball\" srsauchspiele=\"1\"><\/div>\n<div class=\"srsPlan\" srsurl=\"https:\/\/hhv-handball.liga.nu\/cgi-bin\/WebObjects\/nuLigaHBDE.woa\/wa\/groupPage?championship=Wiesbaden-Frankfurt+25%2F26&#038;group=443186\" srsverein=\"HSG MainHandball\"><\/div>\n<a href=\"https:\/\/hhv-handball.liga.nu\/cgi-bin\/WebObjects\/nuLigaHBDE.woa\/wa\/getTeamMeetingsWebcal?teamid=1593838&#038;token=joVIX%2BQNveg%3D\">Zum Kalender hinzuf\u00fcgen<\/a> (statisch, zum herunterladen)<br>\n<a href=\"webcal:\/\/hhv-handball.liga.nu\/cgi-bin\/WebObjects\/nuLigaHBDE.woa\/wa\/getTeamMeetingsWebcal?teamid=1593838&#038;token=joVIX%2BQNveg%3D\">Zum eiPhone Kalender hinzuf\u00fcgen<\/a> (aktualisiert sich automatisch)<br><br>\n\n\n\n<h2 class=\"wp-block-heading\">Training<\/h2>\n\n\n\n<p>Di. 18:00 &#8211; 19:30 Uhr <a href=\"https:\/\/www.google.de\/maps\/place\/Fl%C3%B6rsheim+am+Main,+65439+Fl%C3%B6rsheim+am+Main\/@50.0279146,8.3858525,13z\/data=!3m1!4b1!4m13!1m7!3m6!1s0x47bd98cdc31d3543:0xa2810091a0b27992!2sB%C3%BCrgermeister-Lauck-Stra%C3%9Fe,+65439+Fl%C3%B6rsheim+am+Main!3b1!8m2!3d50.0130467!4d8.4211297!3m4!1s0x47bd98b0d9dade4f:0x450f16459eab16d3!8m2!3d50.0269987!4d8.4241522\" target=\"_blank\" rel=\"noreferrer noopener\"><\/a><a href=\"https:\/\/goo.gl\/maps\/a9Hq4dDG1E6XEkUSA\" target=\"_blank\" rel=\"noreferrer noopener\">Kelsterbach<\/a><br>Do. 17:30 &#8211; 19:00 Uhr <a href=\"https:\/\/maps.app.goo.gl\/tEnZ26iWiFD7Gsdh6\" target=\"_blank\" rel=\"noreferrer noopener\">Fl\u00f6rsheim<\/a><\/p>\n\n\n\n<p><strong>Kontakt:<\/strong><br>Trainer: Robin Stirne und Saskia Glaubitz<br>Email: <a href=\"mailto:robinstirne@gmail.com\">robinstirne@gmail.com<\/a><\/p>\n","protected":false},"excerpt":{"rendered":"<p>Zum Kalender hinzuf\u00fcgen (statisch, zum herunterladen) Zum eiPhone Kalender hinzuf\u00fcgen (aktualisiert sich automatisch) Training Di. 18:00 &#8211; 19:30 Uhr KelsterbachDo. 17:30 &#8211; 19:00 Uhr Fl\u00f6rsheim Kontakt:Trainer: Robin Stirne und Saskia GlaubitzEmail: robinstirne@gmail.com<\/p>\n","protected":false},"author":1,"featured_media":0,"parent":0,"menu_order":0,"comment_status":"closed","ping_status":"closed","template":"template-fullwidth.php","meta":{"footnotes":""},"class_list":["post-115","page","type-page","status-publish","hentry"],"_links":{"self":[{"href":"https:\/\/www.hsgmh.de\/index.php?rest_route=\/wp\/v2\/pages\/115","targetHints":{"allow":["GET"]}}],"collection":[{"href":"https:\/\/www.hsgmh.de\/index.php?rest_route=\/wp\/v2\/pages"}],"about":[{"href":"https:\/\/www.hsgmh.de\/index.php?rest_route=\/wp\/v2\/types\/page"}],"author":[{"embeddable":true,"href":"https:\/\/www.hsgmh.de\/index.php?rest_route=\/wp\/v2\/users\/1"}],"replies":[{"embeddable":true,"href":"https:\/\/www.hsgmh.de\/index.php?rest_route=%2Fwp%2Fv2%2Fcomments&post=115"}],"version-history":[{"count":22,"href":"https:\/\/www.hsgmh.de\/index.php?rest_route=\/wp\/v2\/pages\/115\/revisions"}],"predecessor-version":[{"id":3400,"href":"https:\/\/www.hsgmh.de\/index.php?rest_route=\/wp\/v2\/pages\/115\/revisions\/3400"}],"wp:attachment":[{"href":"https:\/\/www.hsgmh.de\/index.php?rest_route=%2Fwp%2Fv2%2Fmedia&parent=115"}],"curies":[{"name":"wp","href":"https:\/\/api.w.org\/{rel}","templated":true}]}}